{"id":26408,"date":"2025-09-08T11:03:28","date_gmt":"2025-09-08T11:03:28","guid":{"rendered":"https:\/\/bluebirdtourstravel.com\/product\/aventura-de-snorkel-y-lancha-rapida-en-la-isla-sint-maarten\/"},"modified":"2025-09-29T11:18:14","modified_gmt":"2025-09-29T11:18:14","slug":"aventura-de-snorkel-y-lancha-rapida-en-la-isla-sint-maarten","status":"publish","type":"product","link":"https:\/\/bluebirdtourstravel.com\/es\/producto\/aventura-de-snorkel-y-lancha-rapida-en-la-isla-sint-maarten\/","title":{"rendered":"Aventura de snorkel y lancha r\u00e1pida en la isla (Sint Maarten)"},"content":{"rendered":"","protected":false},"excerpt":{"rendered":"<p>Cuando est\u00e9s en St Maarten, dedica tu tiempo a explorar los mejores lugares para bucear. Su excursi\u00f3n en tierra de 7 horas lo lleva a un recorrido tur\u00edstico en bote r\u00e1pido por esta isla paradis\u00edaca. Practique snorkel en las reservas marinas de Creole Rock, ubicada en la bah\u00eda de Grand Case, y en la isla deshabitada de Tintamarre, \u00a1un gran lugar para observar tortugas marinas! Dir\u00edjase a la isla Pinel para ver las iguanas y disfrutar de refrescos y cerveza en la barra libre a bordo. Reciba atenci\u00f3n personalizada de su gu\u00eda en este recorrido en barco expr\u00e9s para grupos peque\u00f1os. Prometemos \u2013 el mejor tiempo que puedes pasar en la isla (-:     <\/p>\n","protected":false},"featured_media":23247,"comment_status":"closed","ping_status":"closed","template":"","meta":{"_acf_changed":false,"site-sidebar-layout":"default","site-content-layout":"","ast-site-content-layout":"default","site-content-style":"default","site-sidebar-style":"default","ast-global-header-display":"","ast-banner-title-visibility":"","ast-main-header-display":"","ast-hfb-above-header-display":"","ast-hfb-below-header-display":"","ast-hfb-mobile-header-display":"","site-post-title":"","ast-breadcrumbs-content":"","ast-featured-img":"","footer-sml-layout":"","ast-disable-related-posts":"","theme-transparent-header-meta":"","adv-header-id-meta":"","stick-header-meta":"","header-above-stick-meta":"","header-main-stick-meta":"","header-below-stick-meta":"","astra-migrate-meta-layouts":"default","ast-page-background-enabled":"default","ast-page-background-meta":{"desktop":{"background-color":"var(--ast-global-color-4)","background-image":"","background-repeat":"repeat","background-position":"center center","background-size":"auto","background-attachment":"scroll","background-type":"","background-media":"","overlay-type":"","overlay-color":"","overlay-opacity":"","overlay-gradient":""},"tablet":{"background-color":"","background-image":"","background-repeat":"repeat","background-position":"center center","background-size":"auto","background-attachment":"scroll","background-type":"","background-media":"","overlay-type":"","overlay-color":"","overlay-opacity":"","overlay-gradient":""},"mobile":{"background-color":"","background-image":"","background-repeat":"repeat","background-position":"center center","background-size":"auto","background-attachment":"scroll","background-type":"","background-media":"","overlay-type":"","overlay-color":"","overlay-opacity":"","overlay-gradient":""}},"ast-content-background-meta":{"desktop":{"background-color":"var(--ast-global-color-5)","background-image":"","background-repeat":"repeat","background-position":"center center","background-size":"auto","background-attachment":"scroll","background-type":"","background-media":"","overlay-type":"","overlay-color":"","overlay-opacity":"","overlay-gradient":""},"tablet":{"background-color":"var(--ast-global-color-5)","background-image":"","background-repeat":"repeat","background-position":"center center","background-size":"auto","background-attachment":"scroll","background-type":"","background-media":"","overlay-type":"","overlay-color":"","overlay-opacity":"","overlay-gradient":""},"mobile":{"background-color":"var(--ast-global-color-5)","background-image":"","background-repeat":"repeat","background-position":"center center","background-size":"auto","background-attachment":"scroll","background-type":"","background-media":"","overlay-type":"","overlay-color":"","overlay-opacity":"","overlay-gradient":""}}},"activiteit-bron":[574],"product_brand":[],"product_cat":[139,154,522],"product_tag":[477,158,474,473,212,141,483],"class_list":{"0":"post-26408","1":"product","2":"type-product","3":"status-publish","4":"has-post-thumbnail","6":"activiteit-bron-expedia","7":"product_cat-barcos-y-deportes-acuaticos","8":"product_cat-buceo-y-snorkel","9":"product_cat-san-martin","10":"product_tag-bucea-en-san-martin","11":"product_tag-deportes-acuaticos","12":"product_tag-deportes-acuaticos-en-san-martin","13":"product_tag-excursiones-en-barco-en-san-martin","14":"product_tag-san-martin","15":"product_tag-viajes-en-barco","16":"product_tag-visitas-en-san-martin","17":"desktop-align-left","18":"tablet-align-left","19":"mobile-align-left","21":"first","22":"instock","23":"virtual","24":"product-type-external"},"acf":[],"_links":{"self":[{"href":"https:\/\/bluebirdtourstravel.com\/es\/wp-json\/wp\/v2\/product\/26408","targetHints":{"allow":["GET"]}}],"collection":[{"href":"https:\/\/bluebirdtourstravel.com\/es\/wp-json\/wp\/v2\/product"}],"about":[{"href":"https:\/\/bluebirdtourstravel.com\/es\/wp-json\/wp\/v2\/types\/product"}],"replies":[{"embeddable":true,"href":"https:\/\/bluebirdtourstravel.com\/es\/wp-json\/wp\/v2\/comments?post=26408"}],"wp:featuredmedia":[{"embeddable":true,"href":"https:\/\/bluebirdtourstravel.com\/es\/wp-json\/wp\/v2\/media\/23247"}],"wp:attachment":[{"href":"https:\/\/bluebirdtourstravel.com\/es\/wp-json\/wp\/v2\/media?parent=26408"}],"wp:term":[{"taxonomy":"activiteit-bron","embeddable":true,"href":"https:\/\/bluebirdtourstravel.com\/es\/wp-json\/wp\/v2\/activiteit-bron?post=26408"},{"taxonomy":"product_brand","embeddable":true,"href":"https:\/\/bluebirdtourstravel.com\/es\/wp-json\/wp\/v2\/product_brand?post=26408"},{"taxonomy":"product_cat","embeddable":true,"href":"https:\/\/bluebirdtourstravel.com\/es\/wp-json\/wp\/v2\/product_cat?post=26408"},{"taxonomy":"product_tag","embeddable":true,"href":"https:\/\/bluebirdtourstravel.com\/es\/wp-json\/wp\/v2\/product_tag?post=26408"}],"curies":[{"name":"wp","href":"https:\/\/api.w.org\/{rel}","templated":true}]}}