{"id":26397,"date":"2025-09-08T11:02:37","date_gmt":"2025-09-08T11:02:37","guid":{"rendered":"https:\/\/bluebirdtourstravel.com\/product\/billetes-de-ferry-a-saba-sint-maarten\/"},"modified":"2025-09-29T11:23:07","modified_gmt":"2025-09-29T11:23:07","slug":"billetes-de-ferry-a-saba-sint-maarten","status":"publish","type":"product","link":"https:\/\/bluebirdtourstravel.com\/es\/producto\/billetes-de-ferry-a-saba-sint-maarten\/","title":{"rendered":"Billetes de ferry a Saba (Sint Maarten)"},"content":{"rendered":"<p>Salga de Sint Maarten para el corto viaje en ferry a Saba. Pase el d\u00eda explorando la peque\u00f1a isla de solo 5 millas cuadradas (13 kil\u00f3metros cuadrados). Visite la atracci\u00f3n principal de la isla, Mount Scenery, que se encuentra a 2,910 pies (885 m) sobre el nivel del mar. El \u00e1rea alrededor de este volc\u00e1n a\u00fan activo est\u00e1 llena de rutas de senderismo para excursionistas experimentados.     <\/p>\n<p>Los buceadores pueden disfrutar tanto de caminatas como de sitios de buceo en los picos, donde el magma atraviesa el fondo del oc\u00e9ano y crea torres de roca. Las aguas alrededor de Saba tambi\u00e9n albergan m\u00e1s de 150 especies diferentes de peces que pueden ser vistas tanto por buceadores como por buceadores. Det\u00e9ngase en las encantadoras tiendas de Barlovento para comprar encaje Saba, licor especiado o artesan\u00edas y joyas hechas a mano antes de partir en ferry de regreso a St Maarten.  <\/p>\n","protected":false},"excerpt":{"rendered":"<p>Visita la isla holandesa de Saba, apodada \u00abLa reina virgen\u00bb gracias a sus senderos forestales v\u00edrgenes y sus aguas cristalinas. Experimente este para\u00edso ecol\u00f3gico casi perfecto para buceadores apasionados, excursionistas y amantes de la naturaleza. <\/p>\n","protected":false},"featured_media":23574,"comment_status":"closed","ping_status":"closed","template":"","meta":{"_acf_changed":false,"site-sidebar-layout":"default","site-content-layout":"","ast-site-content-layout":"default","site-content-style":"default","site-sidebar-style":"default","ast-global-header-display":"","ast-banner-title-visibility":"","ast-main-header-display":"","ast-hfb-above-header-display":"","ast-hfb-below-header-display":"","ast-hfb-mobile-header-display":"","site-post-title":"","ast-breadcrumbs-content":"","ast-featured-img":"","footer-sml-layout":"","ast-disable-related-posts":"","theme-transparent-header-meta":"","adv-header-id-meta":"","stick-header-meta":"","header-above-stick-meta":"","header-main-stick-meta":"","header-below-stick-meta":"","astra-migrate-meta-layouts":"default","ast-page-background-enabled":"default","ast-page-background-meta":{"desktop":{"background-color":"var(--ast-global-color-4)","background-image":"","background-repeat":"repeat","background-position":"center center","background-size":"auto","background-attachment":"scroll","background-type":"","background-media":"","overlay-type":"","overlay-color":"","overlay-opacity":"","overlay-gradient":""},"tablet":{"background-color":"","background-image":"","background-repeat":"repeat","background-position":"center center","background-size":"auto","background-attachment":"scroll","background-type":"","background-media":"","overlay-type":"","overlay-color":"","overlay-opacity":"","overlay-gradient":""},"mobile":{"background-color":"","background-image":"","background-repeat":"repeat","background-position":"center center","background-size":"auto","background-attachment":"scroll","background-type":"","background-media":"","overlay-type":"","overlay-color":"","overlay-opacity":"","overlay-gradient":""}},"ast-content-background-meta":{"desktop":{"background-color":"var(--ast-global-color-5)","background-image":"","background-repeat":"repeat","background-position":"center center","background-size":"auto","background-attachment":"scroll","background-type":"","background-media":"","overlay-type":"","overlay-color":"","overlay-opacity":"","overlay-gradient":""},"tablet":{"background-color":"var(--ast-global-color-5)","background-image":"","background-repeat":"repeat","background-position":"center center","background-size":"auto","background-attachment":"scroll","background-type":"","background-media":"","overlay-type":"","overlay-color":"","overlay-opacity":"","overlay-gradient":""},"mobile":{"background-color":"var(--ast-global-color-5)","background-image":"","background-repeat":"repeat","background-position":"center center","background-size":"auto","background-attachment":"scroll","background-type":"","background-media":"","overlay-type":"","overlay-color":"","overlay-opacity":"","overlay-gradient":""}}},"activiteit-bron":[574],"product_brand":[],"product_cat":[139,154,522],"product_tag":[477,158,474,473,212,141,483],"class_list":{"0":"post-26397","1":"product","2":"type-product","3":"status-publish","4":"has-post-thumbnail","6":"activiteit-bron-expedia","7":"product_cat-barcos-y-deportes-acuaticos","8":"product_cat-buceo-y-snorkel","9":"product_cat-san-martin","10":"product_tag-bucea-en-san-martin","11":"product_tag-deportes-acuaticos","12":"product_tag-deportes-acuaticos-en-san-martin","13":"product_tag-excursiones-en-barco-en-san-martin","14":"product_tag-san-martin","15":"product_tag-viajes-en-barco","16":"product_tag-visitas-en-san-martin","17":"desktop-align-left","18":"tablet-align-left","19":"mobile-align-left","21":"first","22":"instock","23":"virtual","24":"product-type-external"},"acf":[],"_links":{"self":[{"href":"https:\/\/bluebirdtourstravel.com\/es\/wp-json\/wp\/v2\/product\/26397","targetHints":{"allow":["GET"]}}],"collection":[{"href":"https:\/\/bluebirdtourstravel.com\/es\/wp-json\/wp\/v2\/product"}],"about":[{"href":"https:\/\/bluebirdtourstravel.com\/es\/wp-json\/wp\/v2\/types\/product"}],"replies":[{"embeddable":true,"href":"https:\/\/bluebirdtourstravel.com\/es\/wp-json\/wp\/v2\/comments?post=26397"}],"wp:featuredmedia":[{"embeddable":true,"href":"https:\/\/bluebirdtourstravel.com\/es\/wp-json\/wp\/v2\/media\/23574"}],"wp:attachment":[{"href":"https:\/\/bluebirdtourstravel.com\/es\/wp-json\/wp\/v2\/media?parent=26397"}],"wp:term":[{"taxonomy":"activiteit-bron","embeddable":true,"href":"https:\/\/bluebirdtourstravel.com\/es\/wp-json\/wp\/v2\/activiteit-bron?post=26397"},{"taxonomy":"product_brand","embeddable":true,"href":"https:\/\/bluebirdtourstravel.com\/es\/wp-json\/wp\/v2\/product_brand?post=26397"},{"taxonomy":"product_cat","embeddable":true,"href":"https:\/\/bluebirdtourstravel.com\/es\/wp-json\/wp\/v2\/product_cat?post=26397"},{"taxonomy":"product_tag","embeddable":true,"href":"https:\/\/bluebirdtourstravel.com\/es\/wp-json\/wp\/v2\/product_tag?post=26397"}],"curies":[{"name":"wp","href":"https:\/\/api.w.org\/{rel}","templated":true}]}}