{"id":26180,"date":"2025-09-02T17:15:04","date_gmt":"2025-09-02T17:15:04","guid":{"rendered":"https:\/\/bluebirdtourstravel.com\/product\/aventura-privada-todoterreno-a-cave-pool-y-tres-trapi-aruba\/"},"modified":"2025-09-29T11:23:37","modified_gmt":"2025-09-29T11:23:37","slug":"aventura-privada-todoterreno-a-cave-pool-y-tres-trapi-aruba","status":"publish","type":"product","link":"https:\/\/bluebirdtourstravel.com\/es\/producto\/aventura-privada-todoterreno-a-cave-pool-y-tres-trapi-aruba\/","title":{"rendered":"Aventura privada todoterreno a Cave Pool y Tres Trapi (Aruba)"},"content":{"rendered":"","protected":false},"excerpt":{"rendered":"<p>Este tour lo llevar\u00e1 a la formaci\u00f3n rocosa de Casibari, donde podr\u00e1 escalar la roca y tomar fotos panor\u00e1micas de Aruba. Continuaremos hacia el Puente Natural y pasaremos por las formaciones rocosas de Ayo y veremos hermosas rocas volc\u00e1nicas en el camino. Una vez que lleguemos al Puente Natural, puede tomar un refrigerio, usar su ba\u00f1o y tomar fotograf\u00edas del otro Puente Natural. Tenga en cuenta que el puente natural original se derrumb\u00f3 el 2 de septiembre de 2005. Luego continuaremos hacia la piscina de la cueva para saltar desde un acantilado (si las olas no son demasiado altas), pasaremos por las ruinas del molino de oro y nos dirigiremos hacia la capilla de Altovista o el faro de California. Las paradas para fotos son bajo petici\u00f3n. El camino desde las ruinas del molino de oro hasta la capilla de Altovista y el faro de California es una hermosa ruta con muchas bocas (peque\u00f1as playas) para ver. A continuaci\u00f3n, nos detendremos en Tres Trapi para bucear, este tambi\u00e9n es conocido como el lugar favorito para nadar de los lugare\u00f1os, por lo que es posible que tenga una sesi\u00f3n de snorkel muy privada.       <\/p>\n","protected":false},"featured_media":8749,"comment_status":"closed","ping_status":"closed","template":"","meta":{"_acf_changed":false,"site-sidebar-layout":"default","site-content-layout":"","ast-site-content-layout":"default","site-content-style":"default","site-sidebar-style":"default","ast-global-header-display":"","ast-banner-title-visibility":"","ast-main-header-display":"","ast-hfb-above-header-display":"","ast-hfb-below-header-display":"","ast-hfb-mobile-header-display":"","site-post-title":"","ast-breadcrumbs-content":"","ast-featured-img":"","footer-sml-layout":"","ast-disable-related-posts":"","theme-transparent-header-meta":"","adv-header-id-meta":"","stick-header-meta":"","header-above-stick-meta":"","header-main-stick-meta":"","header-below-stick-meta":"","astra-migrate-meta-layouts":"default","ast-page-background-enabled":"default","ast-page-background-meta":{"desktop":{"background-color":"var(--ast-global-color-4)","background-image":"","background-repeat":"repeat","background-position":"center center","background-size":"auto","background-attachment":"scroll","background-type":"","background-media":"","overlay-type":"","overlay-color":"","overlay-opacity":"","overlay-gradient":""},"tablet":{"background-color":"","background-image":"","background-repeat":"repeat","background-position":"center center","background-size":"auto","background-attachment":"scroll","background-type":"","background-media":"","overlay-type":"","overlay-color":"","overlay-opacity":"","overlay-gradient":""},"mobile":{"background-color":"","background-image":"","background-repeat":"repeat","background-position":"center center","background-size":"auto","background-attachment":"scroll","background-type":"","background-media":"","overlay-type":"","overlay-color":"","overlay-opacity":"","overlay-gradient":""}},"ast-content-background-meta":{"desktop":{"background-color":"var(--ast-global-color-5)","background-image":"","background-repeat":"repeat","background-position":"center center","background-size":"auto","background-attachment":"scroll","background-type":"","background-media":"","overlay-type":"","overlay-color":"","overlay-opacity":"","overlay-gradient":""},"tablet":{"background-color":"var(--ast-global-color-5)","background-image":"","background-repeat":"repeat","background-position":"center center","background-size":"auto","background-attachment":"scroll","background-type":"","background-media":"","overlay-type":"","overlay-color":"","overlay-opacity":"","overlay-gradient":""},"mobile":{"background-color":"var(--ast-global-color-5)","background-image":"","background-repeat":"repeat","background-position":"center center","background-size":"auto","background-attachment":"scroll","background-type":"","background-media":"","overlay-type":"","overlay-color":"","overlay-opacity":"","overlay-gradient":""}}},"activiteit-bron":[514],"product_brand":[],"product_cat":[181,154],"product_tag":[182,383],"class_list":{"0":"post-26180","1":"product","2":"type-product","3":"status-publish","4":"has-post-thumbnail","6":"activiteit-bron-expedia","7":"product_cat-aruba-es","8":"product_cat-buceo-y-snorkel","9":"product_tag-aruba-es","10":"product_tag-snorkel-en-aruba","11":"desktop-align-left","12":"tablet-align-left","13":"mobile-align-left","15":"first","16":"instock","17":"virtual","18":"product-type-external"},"acf":[],"_links":{"self":[{"href":"https:\/\/bluebirdtourstravel.com\/es\/wp-json\/wp\/v2\/product\/26180","targetHints":{"allow":["GET"]}}],"collection":[{"href":"https:\/\/bluebirdtourstravel.com\/es\/wp-json\/wp\/v2\/product"}],"about":[{"href":"https:\/\/bluebirdtourstravel.com\/es\/wp-json\/wp\/v2\/types\/product"}],"replies":[{"embeddable":true,"href":"https:\/\/bluebirdtourstravel.com\/es\/wp-json\/wp\/v2\/comments?post=26180"}],"wp:featuredmedia":[{"embeddable":true,"href":"https:\/\/bluebirdtourstravel.com\/es\/wp-json\/wp\/v2\/media\/8749"}],"wp:attachment":[{"href":"https:\/\/bluebirdtourstravel.com\/es\/wp-json\/wp\/v2\/media?parent=26180"}],"wp:term":[{"taxonomy":"activiteit-bron","embeddable":true,"href":"https:\/\/bluebirdtourstravel.com\/es\/wp-json\/wp\/v2\/activiteit-bron?post=26180"},{"taxonomy":"product_brand","embeddable":true,"href":"https:\/\/bluebirdtourstravel.com\/es\/wp-json\/wp\/v2\/product_brand?post=26180"},{"taxonomy":"product_cat","embeddable":true,"href":"https:\/\/bluebirdtourstravel.com\/es\/wp-json\/wp\/v2\/product_cat?post=26180"},{"taxonomy":"product_tag","embeddable":true,"href":"https:\/\/bluebirdtourstravel.com\/es\/wp-json\/wp\/v2\/product_tag?post=26180"}],"curies":[{"name":"wp","href":"https:\/\/api.w.org\/{rel}","templated":true}]}}