{"id":26172,"date":"2025-09-02T17:15:06","date_gmt":"2025-09-02T17:15:06","guid":{"rendered":"https:\/\/bluebirdtourstravel.com\/product\/tour-gastronomico-cultural-en-marigot-saint-martin-sint-maarten\/"},"modified":"2025-09-02T17:15:06","modified_gmt":"2025-09-02T17:15:06","slug":"tour-gastronomico-cultural-en-marigot-saint-martin-sint-maarten","status":"publish","type":"product","link":"https:\/\/bluebirdtourstravel.com\/es\/producto\/tour-gastronomico-cultural-en-marigot-saint-martin-sint-maarten\/","title":{"rendered":"Tour gastron\u00f3mico cultural en Marigot, Saint-Martin (Sint Maarten)"},"content":{"rendered":"<p>Tu amiga Laurina te guiar\u00e1 por las calles de Marigot.<br \/>\nElla le presentar\u00e1 lugares cuidadosamente seleccionados, como el mercado y los restaurantes tradicionales, donde podr\u00e1 degustar una variedad de deliciosos platos locales.<br \/>\nAdem\u00e1s de las degustaciones, nuestro recorrido a pie te permitir\u00e1 sumergirte en la historia y la cultura de Marigot, a trav\u00e9s de fascinantes an\u00e9cdotas sobre los or\u00edgenes de los platos, las tradiciones culinarias y la influencia de las diferentes culturas en nuestra cocina local.<br \/>\nTambi\u00e9n tendr\u00e1s la oportunidad de conocer a productores, pescadores y restauradores locales que compartir\u00e1n contigo sus conocimientos y pasi\u00f3n.<br \/>\nReserve ahora su lugar en nuestro tour cultural culinario y prep\u00e1rese para un viaje culinario cautivador, donde cada bocado ser\u00e1 un descubrimiento de la isla y su rica historia gastron\u00f3mica.<br \/>\nEsta caminata se realiza a pie, en ingl\u00e9s o franc\u00e9s y dura 2,5 horas.<\/p>\n","protected":false},"excerpt":{"rendered":"<p>Nuestro recorrido cultural culinario lo familiarizar\u00e1 con los sabores de las tradiciones locales de San Mart\u00edn.<\/p>\n","protected":false},"featured_media":23028,"comment_status":"closed","ping_status":"closed","template":"","meta":{"_acf_changed":false,"site-sidebar-layout":"default","site-content-layout":"","ast-site-content-layout":"default","site-content-style":"default","site-sidebar-style":"default","ast-global-header-display":"","ast-banner-title-visibility":"","ast-main-header-display":"","ast-hfb-above-header-display":"","ast-hfb-below-header-display":"","ast-hfb-mobile-header-display":"","site-post-title":"","ast-breadcrumbs-content":"","ast-featured-img":"","footer-sml-layout":"","ast-disable-related-posts":"","theme-transparent-header-meta":"","adv-header-id-meta":"","stick-header-meta":"","header-above-stick-meta":"","header-main-stick-meta":"","header-below-stick-meta":"","astra-migrate-meta-layouts":"default","ast-page-background-enabled":"default","ast-page-background-meta":{"desktop":{"background-color":"var(--ast-global-color-4)","background-image":"","background-repeat":"repeat","background-position":"center center","background-size":"auto","background-attachment":"scroll","background-type":"","background-media":"","overlay-type":"","overlay-color":"","overlay-opacity":"","overlay-gradient":""},"tablet":{"background-color":"","background-image":"","background-repeat":"repeat","background-position":"center center","background-size":"auto","background-attachment":"scroll","background-type":"","background-media":"","overlay-type":"","overlay-color":"","overlay-opacity":"","overlay-gradient":""},"mobile":{"background-color":"","background-image":"","background-repeat":"repeat","background-position":"center center","background-size":"auto","background-attachment":"scroll","background-type":"","background-media":"","overlay-type":"","overlay-color":"","overlay-opacity":"","overlay-gradient":""}},"ast-content-background-meta":{"desktop":{"background-color":"var(--ast-global-color-5)","background-image":"","background-repeat":"repeat","background-position":"center center","background-size":"auto","background-attachment":"scroll","background-type":"","background-media":"","overlay-type":"","overlay-color":"","overlay-opacity":"","overlay-gradient":""},"tablet":{"background-color":"var(--ast-global-color-5)","background-image":"","background-repeat":"repeat","background-position":"center center","background-size":"auto","background-attachment":"scroll","background-type":"","background-media":"","overlay-type":"","overlay-color":"","overlay-opacity":"","overlay-gradient":""},"mobile":{"background-color":"var(--ast-global-color-5)","background-image":"","background-repeat":"repeat","background-position":"center center","background-size":"auto","background-attachment":"scroll","background-type":"","background-media":"","overlay-type":"","overlay-color":"","overlay-opacity":"","overlay-gradient":""}}},"activiteit-bron":[514],"product_brand":[],"product_cat":[522],"product_tag":[212],"class_list":{"0":"post-26172","1":"product","2":"type-product","3":"status-publish","4":"has-post-thumbnail","6":"activiteit-bron-expedia","7":"product_cat-san-martin","8":"product_tag-san-martin","9":"desktop-align-left","10":"tablet-align-left","11":"mobile-align-left","13":"first","14":"instock","15":"virtual","16":"product-type-external"},"acf":[],"_links":{"self":[{"href":"https:\/\/bluebirdtourstravel.com\/es\/wp-json\/wp\/v2\/product\/26172","targetHints":{"allow":["GET"]}}],"collection":[{"href":"https:\/\/bluebirdtourstravel.com\/es\/wp-json\/wp\/v2\/product"}],"about":[{"href":"https:\/\/bluebirdtourstravel.com\/es\/wp-json\/wp\/v2\/types\/product"}],"replies":[{"embeddable":true,"href":"https:\/\/bluebirdtourstravel.com\/es\/wp-json\/wp\/v2\/comments?post=26172"}],"wp:featuredmedia":[{"embeddable":true,"href":"https:\/\/bluebirdtourstravel.com\/es\/wp-json\/wp\/v2\/media\/23028"}],"wp:attachment":[{"href":"https:\/\/bluebirdtourstravel.com\/es\/wp-json\/wp\/v2\/media?parent=26172"}],"wp:term":[{"taxonomy":"activiteit-bron","embeddable":true,"href":"https:\/\/bluebirdtourstravel.com\/es\/wp-json\/wp\/v2\/activiteit-bron?post=26172"},{"taxonomy":"product_brand","embeddable":true,"href":"https:\/\/bluebirdtourstravel.com\/es\/wp-json\/wp\/v2\/product_brand?post=26172"},{"taxonomy":"product_cat","embeddable":true,"href":"https:\/\/bluebirdtourstravel.com\/es\/wp-json\/wp\/v2\/product_cat?post=26172"},{"taxonomy":"product_tag","embeddable":true,"href":"https:\/\/bluebirdtourstravel.com\/es\/wp-json\/wp\/v2\/product_tag?post=26172"}],"curies":[{"name":"wp","href":"https:\/\/api.w.org\/{rel}","templated":true}]}}