{"id":26160,"date":"2025-09-02T17:14:14","date_gmt":"2025-09-02T17:14:14","guid":{"rendered":"https:\/\/bluebirdtourstravel.com\/product\/alquiler-de-barcos-privados-na-lounge-aruba\/"},"modified":"2025-09-30T11:06:39","modified_gmt":"2025-09-30T11:06:39","slug":"alquiler-de-barcos-privados-na-lounge-aruba","status":"publish","type":"product","link":"https:\/\/bluebirdtourstravel.com\/es\/producto\/alquiler-de-barcos-privados-na-lounge-aruba\/","title":{"rendered":"Alquiler de barcos privados (Na-Lounge) (Aruba)"},"content":{"rendered":"<p>Hemos dise\u00f1ado un recorrido en barco que te llevar\u00e1 a los lugares m\u00e1s ex\u00f3ticos de Aruba. Lo invitamos a sentarse y relajarse mientras nuestro Capit\u00e1n navega por el High Rise, Low Rise Hotel (eagle Beach), el puerto de Aruba, el centro, Nikki Beach, Renaissance Island, De Palm Island y Spanish Lagoon.<br \/>\nNuestra primera parada ser\u00e1 en Mangel Halto, donde tendr\u00e1s tiempo suficiente para hacer snorkel y nadar en nuestras aguas azul turquesa de Mangel Halto. En este lugar en particular, tambi\u00e9n hay un naufragio y mucho coral para ver. Mientras navegamos hacia nuestra segunda ubicaci\u00f3n, que est\u00e1 a minutos de Mangel Halto, lo llevaremos a un breve y emocionante recorrido de snorkel en un arrecife. Luego navegaremos de regreso cerca del rascacielos, pasando por la playa de Arashi y la playa de Malmok, y lo llevaremos a la \u00faltima parada de este viaje: Boca Catalina, un lugar muy popular para bucear y nadar.<br \/>\nIncluido<\/p>\n","protected":false},"excerpt":{"rendered":"<p>El Bayliner ofrece a su grupo (hasta 10 invitados) un lugar c\u00f3modo en la proa para relajarse y tomar el sol.<\/p>\n","protected":false},"featured_media":10275,"comment_status":"closed","ping_status":"closed","template":"","meta":{"_acf_changed":false,"site-sidebar-layout":"default","site-content-layout":"","ast-site-content-layout":"default","site-content-style":"default","site-sidebar-style":"default","ast-global-header-display":"","ast-banner-title-visibility":"","ast-main-header-display":"","ast-hfb-above-header-display":"","ast-hfb-below-header-display":"","ast-hfb-mobile-header-display":"","site-post-title":"","ast-breadcrumbs-content":"","ast-featured-img":"","footer-sml-layout":"","ast-disable-related-posts":"","theme-transparent-header-meta":"","adv-header-id-meta":"","stick-header-meta":"","header-above-stick-meta":"","header-main-stick-meta":"","header-below-stick-meta":"","astra-migrate-meta-layouts":"default","ast-page-background-enabled":"default","ast-page-background-meta":{"desktop":{"background-color":"var(--ast-global-color-4)","background-image":"","background-repeat":"repeat","background-position":"center center","background-size":"auto","background-attachment":"scroll","background-type":"","background-media":"","overlay-type":"","overlay-color":"","overlay-opacity":"","overlay-gradient":""},"tablet":{"background-color":"","background-image":"","background-repeat":"repeat","background-position":"center center","background-size":"auto","background-attachment":"scroll","background-type":"","background-media":"","overlay-type":"","overlay-color":"","overlay-opacity":"","overlay-gradient":""},"mobile":{"background-color":"","background-image":"","background-repeat":"repeat","background-position":"center center","background-size":"auto","background-attachment":"scroll","background-type":"","background-media":"","overlay-type":"","overlay-color":"","overlay-opacity":"","overlay-gradient":""}},"ast-content-background-meta":{"desktop":{"background-color":"var(--ast-global-color-5)","background-image":"","background-repeat":"repeat","background-position":"center center","background-size":"auto","background-attachment":"scroll","background-type":"","background-media":"","overlay-type":"","overlay-color":"","overlay-opacity":"","overlay-gradient":""},"tablet":{"background-color":"var(--ast-global-color-5)","background-image":"","background-repeat":"repeat","background-position":"center center","background-size":"auto","background-attachment":"scroll","background-type":"","background-media":"","overlay-type":"","overlay-color":"","overlay-opacity":"","overlay-gradient":""},"mobile":{"background-color":"var(--ast-global-color-5)","background-image":"","background-repeat":"repeat","background-position":"center center","background-size":"auto","background-attachment":"scroll","background-type":"","background-media":"","overlay-type":"","overlay-color":"","overlay-opacity":"","overlay-gradient":""}}},"activiteit-bron":[514],"product_brand":[],"product_cat":[181,139,156,154],"product_tag":[182,158,380,241,383,141],"class_list":{"0":"post-26160","1":"product","2":"type-product","3":"status-publish","4":"has-post-thumbnail","6":"activiteit-bron-expedia","7":"product_cat-aruba-es","8":"product_cat-barcos-y-deportes-acuaticos","9":"product_cat-barcos-y-rafting","10":"product_cat-buceo-y-snorkel","11":"product_tag-aruba-es","12":"product_tag-deportes-acuaticos","13":"product_tag-deportes-acuaticos-en-aruba","14":"product_tag-excursiones-en-barco-en-aruba","15":"product_tag-snorkel-en-aruba","16":"product_tag-viajes-en-barco","17":"desktop-align-left","18":"tablet-align-left","19":"mobile-align-left","21":"first","22":"instock","23":"virtual","24":"product-type-external"},"acf":[],"_links":{"self":[{"href":"https:\/\/bluebirdtourstravel.com\/es\/wp-json\/wp\/v2\/product\/26160","targetHints":{"allow":["GET"]}}],"collection":[{"href":"https:\/\/bluebirdtourstravel.com\/es\/wp-json\/wp\/v2\/product"}],"about":[{"href":"https:\/\/bluebirdtourstravel.com\/es\/wp-json\/wp\/v2\/types\/product"}],"replies":[{"embeddable":true,"href":"https:\/\/bluebirdtourstravel.com\/es\/wp-json\/wp\/v2\/comments?post=26160"}],"wp:featuredmedia":[{"embeddable":true,"href":"https:\/\/bluebirdtourstravel.com\/es\/wp-json\/wp\/v2\/media\/10275"}],"wp:attachment":[{"href":"https:\/\/bluebirdtourstravel.com\/es\/wp-json\/wp\/v2\/media?parent=26160"}],"wp:term":[{"taxonomy":"activiteit-bron","embeddable":true,"href":"https:\/\/bluebirdtourstravel.com\/es\/wp-json\/wp\/v2\/activiteit-bron?post=26160"},{"taxonomy":"product_brand","embeddable":true,"href":"https:\/\/bluebirdtourstravel.com\/es\/wp-json\/wp\/v2\/product_brand?post=26160"},{"taxonomy":"product_cat","embeddable":true,"href":"https:\/\/bluebirdtourstravel.com\/es\/wp-json\/wp\/v2\/product_cat?post=26160"},{"taxonomy":"product_tag","embeddable":true,"href":"https:\/\/bluebirdtourstravel.com\/es\/wp-json\/wp\/v2\/product_tag?post=26160"}],"curies":[{"name":"wp","href":"https:\/\/api.w.org\/{rel}","templated":true}]}}