{"id":26148,"date":"2025-09-02T17:14:28","date_gmt":"2025-09-02T17:14:28","guid":{"rendered":"https:\/\/bluebirdtourstravel.com\/product\/la-aventura-de-palm-island-te-espera-aruba\/"},"modified":"2025-09-30T11:06:44","modified_gmt":"2025-09-30T11:06:44","slug":"la-aventura-de-palm-island-te-espera-aruba","status":"publish","type":"product","link":"https:\/\/bluebirdtourstravel.com\/es\/producto\/la-aventura-de-palm-island-te-espera-aruba\/","title":{"rendered":"La aventura de Palm Island te espera (Aruba)"},"content":{"rendered":"<p>Tenga en cuenta que el boleto de entrada no incluye el acceso a mezclarse con los flamencos u otras \u00e1reas exclusivas. Para disfrutar de estas experiencias especiales, deber\u00e1 actualizar a una de nuestras secciones premium, como Palapas VIP, Caba\u00f1as Privadas, Asientos Premium o Caba\u00f1as de Playa.<br \/>\nPalm Island realmente tiene algo para todos; Ya sea que est\u00e9 buscando aventura, relajaci\u00f3n o una combinaci\u00f3n perfecta de ambos.<br \/>\n* Tenga en cuenta que los pasajeros de cruceros deben reservar tours y excursiones directamente con la l\u00ednea de cruceros.<\/p>\n","protected":false},"excerpt":{"rendered":"<p>Ven a descubrir De Palm Island, una isla de coral \u00fanica que ofrece un d\u00eda inolvidable de diversi\u00f3n, relajaci\u00f3n y aventura. Su boleto de admisi\u00f3n incluye un almuerzo buffet, barra libre, una estaci\u00f3n de parrilla, equipo de snorkel y tours de snorkel gratuitos que se ofrecen dos veces al d\u00eda. Una vez en la isla, puede explorar impresionantes arrecifes de coral y una vibrante vida silvestre marina mientras bucea, se relaja en la playa o bajo una palapa interior con una bebida refrescante en la mano. Disfruta de paseos ilimitados en banana, clases de salsa, emocionantes toboganes corporales o el parque acu\u00e1tico para ni\u00f1os.   <\/p>\n","protected":false},"featured_media":11435,"comment_status":"closed","ping_status":"closed","template":"","meta":{"_acf_changed":false,"site-sidebar-layout":"default","site-content-layout":"","ast-site-content-layout":"default","site-content-style":"default","site-sidebar-style":"default","ast-global-header-display":"","ast-banner-title-visibility":"","ast-main-header-display":"","ast-hfb-above-header-display":"","ast-hfb-below-header-display":"","ast-hfb-mobile-header-display":"","site-post-title":"","ast-breadcrumbs-content":"","ast-featured-img":"","footer-sml-layout":"","ast-disable-related-posts":"","theme-transparent-header-meta":"","adv-header-id-meta":"","stick-header-meta":"","header-above-stick-meta":"","header-main-stick-meta":"","header-below-stick-meta":"","astra-migrate-meta-layouts":"default","ast-page-background-enabled":"default","ast-page-background-meta":{"desktop":{"background-color":"var(--ast-global-color-4)","background-image":"","background-repeat":"repeat","background-position":"center center","background-size":"auto","background-attachment":"scroll","background-type":"","background-media":"","overlay-type":"","overlay-color":"","overlay-opacity":"","overlay-gradient":""},"tablet":{"background-color":"","background-image":"","background-repeat":"repeat","background-position":"center center","background-size":"auto","background-attachment":"scroll","background-type":"","background-media":"","overlay-type":"","overlay-color":"","overlay-opacity":"","overlay-gradient":""},"mobile":{"background-color":"","background-image":"","background-repeat":"repeat","background-position":"center center","background-size":"auto","background-attachment":"scroll","background-type":"","background-media":"","overlay-type":"","overlay-color":"","overlay-opacity":"","overlay-gradient":""}},"ast-content-background-meta":{"desktop":{"background-color":"var(--ast-global-color-5)","background-image":"","background-repeat":"repeat","background-position":"center center","background-size":"auto","background-attachment":"scroll","background-type":"","background-media":"","overlay-type":"","overlay-color":"","overlay-opacity":"","overlay-gradient":""},"tablet":{"background-color":"var(--ast-global-color-5)","background-image":"","background-repeat":"repeat","background-position":"center center","background-size":"auto","background-attachment":"scroll","background-type":"","background-media":"","overlay-type":"","overlay-color":"","overlay-opacity":"","overlay-gradient":""},"mobile":{"background-color":"var(--ast-global-color-5)","background-image":"","background-repeat":"repeat","background-position":"center center","background-size":"auto","background-attachment":"scroll","background-type":"","background-media":"","overlay-type":"","overlay-color":"","overlay-opacity":"","overlay-gradient":""}}},"activiteit-bron":[574],"product_brand":[],"product_cat":[181,139,156,154],"product_tag":[182,158,380,241,383,141],"class_list":{"0":"post-26148","1":"product","2":"type-product","3":"status-publish","4":"has-post-thumbnail","6":"activiteit-bron-expedia","7":"product_cat-aruba-es","8":"product_cat-barcos-y-deportes-acuaticos","9":"product_cat-barcos-y-rafting","10":"product_cat-buceo-y-snorkel","11":"product_tag-aruba-es","12":"product_tag-deportes-acuaticos","13":"product_tag-deportes-acuaticos-en-aruba","14":"product_tag-excursiones-en-barco-en-aruba","15":"product_tag-snorkel-en-aruba","16":"product_tag-viajes-en-barco","17":"desktop-align-left","18":"tablet-align-left","19":"mobile-align-left","21":"first","22":"instock","23":"virtual","24":"product-type-external"},"acf":[],"_links":{"self":[{"href":"https:\/\/bluebirdtourstravel.com\/es\/wp-json\/wp\/v2\/product\/26148","targetHints":{"allow":["GET"]}}],"collection":[{"href":"https:\/\/bluebirdtourstravel.com\/es\/wp-json\/wp\/v2\/product"}],"about":[{"href":"https:\/\/bluebirdtourstravel.com\/es\/wp-json\/wp\/v2\/types\/product"}],"replies":[{"embeddable":true,"href":"https:\/\/bluebirdtourstravel.com\/es\/wp-json\/wp\/v2\/comments?post=26148"}],"wp:featuredmedia":[{"embeddable":true,"href":"https:\/\/bluebirdtourstravel.com\/es\/wp-json\/wp\/v2\/media\/11435"}],"wp:attachment":[{"href":"https:\/\/bluebirdtourstravel.com\/es\/wp-json\/wp\/v2\/media?parent=26148"}],"wp:term":[{"taxonomy":"activiteit-bron","embeddable":true,"href":"https:\/\/bluebirdtourstravel.com\/es\/wp-json\/wp\/v2\/activiteit-bron?post=26148"},{"taxonomy":"product_brand","embeddable":true,"href":"https:\/\/bluebirdtourstravel.com\/es\/wp-json\/wp\/v2\/product_brand?post=26148"},{"taxonomy":"product_cat","embeddable":true,"href":"https:\/\/bluebirdtourstravel.com\/es\/wp-json\/wp\/v2\/product_cat?post=26148"},{"taxonomy":"product_tag","embeddable":true,"href":"https:\/\/bluebirdtourstravel.com\/es\/wp-json\/wp\/v2\/product_tag?post=26148"}],"curies":[{"name":"wp","href":"https:\/\/api.w.org\/{rel}","templated":true}]}}