{"id":26145,"date":"2025-09-02T17:14:30","date_gmt":"2025-09-02T17:14:30","guid":{"rendered":"https:\/\/bluebirdtourstravel.com\/product\/tour-por-la-costa-oeste-con-playas-barbacoa-y-salon-azul-curazao\/"},"modified":"2025-09-29T10:37:42","modified_gmt":"2025-09-29T10:37:42","slug":"tour-por-la-costa-oeste-con-playas-barbacoa-y-salon-azul-curazao","status":"publish","type":"product","link":"https:\/\/bluebirdtourstravel.com\/es\/producto\/tour-por-la-costa-oeste-con-playas-barbacoa-y-salon-azul-curazao\/","title":{"rendered":"Tour por la costa oeste con playas, barbacoa y sal\u00f3n azul (Curazao)"},"content":{"rendered":"<p>La primera parada es en uno de nuestros favoritos: \u00a1Kokomo Beach! Conozca el mundo submarino con sus hermosos lugares para bucear.<br \/>\nElegida entre las 21 mejores playas del mundo por National Geographic, la playa de Cas Abao es una visita obligada. Durante esta parada, puede nadar, bucear y relajarse mientras disfruta del hermoso paisaje. Mientras explora la zona, nuestra tripulaci\u00f3n le preparar\u00e1 un delicioso almuerzo de barbacoa.<br \/>\nDespu\u00e9s del almuerzo, nos dirigiremos a la incre\u00edble Gruta Azul, donde el sol y el cielo transforman esta cueva submarina en una impresionante &#8216;habitaci\u00f3n azul&#8217;. Con la ayuda y gu\u00eda de nuestra tripulaci\u00f3n, podr\u00e1s explorar esta magn\u00edfica cueva a la que solo se puede acceder por mar.<br \/>\nDisfruta de las vistas de la costa, playas como Lagun, Jeremi, Kenepa (Knip) y Playa Forti hasta llegar a Playa Kalki, donde nuestro autob\u00fas tropical al aire libre te estar\u00e1 esperando para un divertido viaje de regreso a la ciudad.<\/p>\n","protected":false},"excerpt":{"rendered":"<p>Disfrute de las espectaculares vistas de la costa oeste mientras navegamos hacia el m\u00e1gico lado noroeste de Curazao con nuestro catamar\u00e1n.<\/p>\n","protected":false},"featured_media":18654,"comment_status":"closed","ping_status":"closed","template":"","meta":{"_acf_changed":false,"site-sidebar-layout":"default","site-content-layout":"","ast-site-content-layout":"default","site-content-style":"default","site-sidebar-style":"default","ast-global-header-display":"","ast-banner-title-visibility":"","ast-main-header-display":"","ast-hfb-above-header-display":"","ast-hfb-below-header-display":"","ast-hfb-mobile-header-display":"","site-post-title":"","ast-breadcrumbs-content":"","ast-featured-img":"","footer-sml-layout":"","ast-disable-related-posts":"","theme-transparent-header-meta":"","adv-header-id-meta":"","stick-header-meta":"","header-above-stick-meta":"","header-main-stick-meta":"","header-below-stick-meta":"","astra-migrate-meta-layouts":"default","ast-page-background-enabled":"default","ast-page-background-meta":{"desktop":{"background-color":"var(--ast-global-color-4)","background-image":"","background-repeat":"repeat","background-position":"center center","background-size":"auto","background-attachment":"scroll","background-type":"","background-media":"","overlay-type":"","overlay-color":"","overlay-opacity":"","overlay-gradient":""},"tablet":{"background-color":"","background-image":"","background-repeat":"repeat","background-position":"center center","background-size":"auto","background-attachment":"scroll","background-type":"","background-media":"","overlay-type":"","overlay-color":"","overlay-opacity":"","overlay-gradient":""},"mobile":{"background-color":"","background-image":"","background-repeat":"repeat","background-position":"center center","background-size":"auto","background-attachment":"scroll","background-type":"","background-media":"","overlay-type":"","overlay-color":"","overlay-opacity":"","overlay-gradient":""}},"ast-content-background-meta":{"desktop":{"background-color":"var(--ast-global-color-5)","background-image":"","background-repeat":"repeat","background-position":"center center","background-size":"auto","background-attachment":"scroll","background-type":"","background-media":"","overlay-type":"","overlay-color":"","overlay-opacity":"","overlay-gradient":""},"tablet":{"background-color":"var(--ast-global-color-5)","background-image":"","background-repeat":"repeat","background-position":"center center","background-size":"auto","background-attachment":"scroll","background-type":"","background-media":"","overlay-type":"","overlay-color":"","overlay-opacity":"","overlay-gradient":""},"mobile":{"background-color":"var(--ast-global-color-5)","background-image":"","background-repeat":"repeat","background-position":"center center","background-size":"auto","background-attachment":"scroll","background-type":"","background-media":"","overlay-type":"","overlay-color":"","overlay-opacity":"","overlay-gradient":""}}},"activiteit-bron":[574],"product_brand":[],"product_cat":[154,170],"product_tag":[172,257],"class_list":{"0":"post-26145","1":"product","2":"type-product","3":"status-publish","4":"has-post-thumbnail","6":"activiteit-bron-expedia","7":"product_cat-buceo-y-snorkel","8":"product_cat-curacao-es","9":"product_tag-curacao-es","10":"product_tag-snorkel-en-curacao","11":"desktop-align-left","12":"tablet-align-left","13":"mobile-align-left","15":"first","16":"instock","17":"virtual","18":"product-type-external"},"acf":[],"_links":{"self":[{"href":"https:\/\/bluebirdtourstravel.com\/es\/wp-json\/wp\/v2\/product\/26145","targetHints":{"allow":["GET"]}}],"collection":[{"href":"https:\/\/bluebirdtourstravel.com\/es\/wp-json\/wp\/v2\/product"}],"about":[{"href":"https:\/\/bluebirdtourstravel.com\/es\/wp-json\/wp\/v2\/types\/product"}],"replies":[{"embeddable":true,"href":"https:\/\/bluebirdtourstravel.com\/es\/wp-json\/wp\/v2\/comments?post=26145"}],"wp:featuredmedia":[{"embeddable":true,"href":"https:\/\/bluebirdtourstravel.com\/es\/wp-json\/wp\/v2\/media\/18654"}],"wp:attachment":[{"href":"https:\/\/bluebirdtourstravel.com\/es\/wp-json\/wp\/v2\/media?parent=26145"}],"wp:term":[{"taxonomy":"activiteit-bron","embeddable":true,"href":"https:\/\/bluebirdtourstravel.com\/es\/wp-json\/wp\/v2\/activiteit-bron?post=26145"},{"taxonomy":"product_brand","embeddable":true,"href":"https:\/\/bluebirdtourstravel.com\/es\/wp-json\/wp\/v2\/product_brand?post=26145"},{"taxonomy":"product_cat","embeddable":true,"href":"https:\/\/bluebirdtourstravel.com\/es\/wp-json\/wp\/v2\/product_cat?post=26145"},{"taxonomy":"product_tag","embeddable":true,"href":"https:\/\/bluebirdtourstravel.com\/es\/wp-json\/wp\/v2\/product_tag?post=26145"}],"curies":[{"name":"wp","href":"https:\/\/api.w.org\/{rel}","templated":true}]}}