{"id":26091,"date":"2025-09-02T17:13:55","date_gmt":"2025-09-02T17:13:55","guid":{"rendered":"https:\/\/bluebirdtourstravel.com\/product\/cena-caribena-con-barra-libre-aruba\/"},"modified":"2025-09-30T11:06:35","modified_gmt":"2025-09-30T11:06:35","slug":"cena-caribena-con-barra-libre-aruba","status":"publish","type":"product","link":"https:\/\/bluebirdtourstravel.com\/es\/producto\/cena-caribena-con-barra-libre-aruba\/","title":{"rendered":"Cena Caribe\u00f1a con Barra Libre (Aruba)"},"content":{"rendered":"<p>Todos nuestros catamaranes cuentan con ba\u00f1os marinos, un \u00e1rea cubierta, carpas para tomar el sol en la parte delantera y un tobog\u00e1n en la parte trasera del barco. Todos los catamaranes vienen con bancos incorporados y un bar incorporado. <\/p>\n","protected":false},"excerpt":{"rendered":"<p>Suba a bordo de uno de nuestros catamaranes de lujo para vivir una experiencia gastron\u00f3mica inolvidable. Tome asiento y comience la noche con uno de nuestros c\u00f3cteles especiales de la barra libre mientras las melod\u00edas caribe\u00f1as crean el ambiente. Disfruta de las mejores vistas posibles de la puesta de sol y de los colores vibrantes que iluminan el cielo. Mientras el capit\u00e1n atraca el barco en una bah\u00eda poco profunda, \u00a1se sirve la cena! La cena buffet incluye platos caribe\u00f1os y locales y se sirve en estilo de recepci\u00f3n. Despu\u00e9s de la cena, rel\u00e1jese y disfrute de la brisa relajante y las hermosas vistas mientras el capit\u00e1n navega de regreso a la costa.     <\/p>\n","protected":false},"featured_media":10728,"comment_status":"closed","ping_status":"closed","template":"","meta":{"_acf_changed":false,"site-sidebar-layout":"default","site-content-layout":"","ast-site-content-layout":"default","site-content-style":"default","site-sidebar-style":"default","ast-global-header-display":"","ast-banner-title-visibility":"","ast-main-header-display":"","ast-hfb-above-header-display":"","ast-hfb-below-header-display":"","ast-hfb-mobile-header-display":"","site-post-title":"","ast-breadcrumbs-content":"","ast-featured-img":"","footer-sml-layout":"","ast-disable-related-posts":"","theme-transparent-header-meta":"","adv-header-id-meta":"","stick-header-meta":"","header-above-stick-meta":"","header-main-stick-meta":"","header-below-stick-meta":"","astra-migrate-meta-layouts":"default","ast-page-background-enabled":"default","ast-page-background-meta":{"desktop":{"background-color":"var(--ast-global-color-4)","background-image":"","background-repeat":"repeat","background-position":"center center","background-size":"auto","background-attachment":"scroll","background-type":"","background-media":"","overlay-type":"","overlay-color":"","overlay-opacity":"","overlay-gradient":""},"tablet":{"background-color":"","background-image":"","background-repeat":"repeat","background-position":"center center","background-size":"auto","background-attachment":"scroll","background-type":"","background-media":"","overlay-type":"","overlay-color":"","overlay-opacity":"","overlay-gradient":""},"mobile":{"background-color":"","background-image":"","background-repeat":"repeat","background-position":"center center","background-size":"auto","background-attachment":"scroll","background-type":"","background-media":"","overlay-type":"","overlay-color":"","overlay-opacity":"","overlay-gradient":""}},"ast-content-background-meta":{"desktop":{"background-color":"var(--ast-global-color-5)","background-image":"","background-repeat":"repeat","background-position":"center center","background-size":"auto","background-attachment":"scroll","background-type":"","background-media":"","overlay-type":"","overlay-color":"","overlay-opacity":"","overlay-gradient":""},"tablet":{"background-color":"var(--ast-global-color-5)","background-image":"","background-repeat":"repeat","background-position":"center center","background-size":"auto","background-attachment":"scroll","background-type":"","background-media":"","overlay-type":"","overlay-color":"","overlay-opacity":"","overlay-gradient":""},"mobile":{"background-color":"var(--ast-global-color-5)","background-image":"","background-repeat":"repeat","background-position":"center center","background-size":"auto","background-attachment":"scroll","background-type":"","background-media":"","overlay-type":"","overlay-color":"","overlay-opacity":"","overlay-gradient":""}}},"activiteit-bron":[514],"product_brand":[],"product_cat":[181,139,156],"product_tag":[182,158,380,241,141],"class_list":{"0":"post-26091","1":"product","2":"type-product","3":"status-publish","4":"has-post-thumbnail","6":"activiteit-bron-expedia","7":"product_cat-aruba-es","8":"product_cat-barcos-y-deportes-acuaticos","9":"product_cat-barcos-y-rafting","10":"product_tag-aruba-es","11":"product_tag-deportes-acuaticos","12":"product_tag-deportes-acuaticos-en-aruba","13":"product_tag-excursiones-en-barco-en-aruba","14":"product_tag-viajes-en-barco","15":"desktop-align-left","16":"tablet-align-left","17":"mobile-align-left","19":"first","20":"instock","21":"virtual","22":"product-type-external"},"acf":[],"_links":{"self":[{"href":"https:\/\/bluebirdtourstravel.com\/es\/wp-json\/wp\/v2\/product\/26091","targetHints":{"allow":["GET"]}}],"collection":[{"href":"https:\/\/bluebirdtourstravel.com\/es\/wp-json\/wp\/v2\/product"}],"about":[{"href":"https:\/\/bluebirdtourstravel.com\/es\/wp-json\/wp\/v2\/types\/product"}],"replies":[{"embeddable":true,"href":"https:\/\/bluebirdtourstravel.com\/es\/wp-json\/wp\/v2\/comments?post=26091"}],"wp:featuredmedia":[{"embeddable":true,"href":"https:\/\/bluebirdtourstravel.com\/es\/wp-json\/wp\/v2\/media\/10728"}],"wp:attachment":[{"href":"https:\/\/bluebirdtourstravel.com\/es\/wp-json\/wp\/v2\/media?parent=26091"}],"wp:term":[{"taxonomy":"activiteit-bron","embeddable":true,"href":"https:\/\/bluebirdtourstravel.com\/es\/wp-json\/wp\/v2\/activiteit-bron?post=26091"},{"taxonomy":"product_brand","embeddable":true,"href":"https:\/\/bluebirdtourstravel.com\/es\/wp-json\/wp\/v2\/product_brand?post=26091"},{"taxonomy":"product_cat","embeddable":true,"href":"https:\/\/bluebirdtourstravel.com\/es\/wp-json\/wp\/v2\/product_cat?post=26091"},{"taxonomy":"product_tag","embeddable":true,"href":"https:\/\/bluebirdtourstravel.com\/es\/wp-json\/wp\/v2\/product_tag?post=26091"}],"curies":[{"name":"wp","href":"https:\/\/api.w.org\/{rel}","templated":true}]}}