{"id":26076,"date":"2025-09-02T17:14:03","date_gmt":"2025-09-02T17:14:03","guid":{"rendered":"https:\/\/bluebirdtourstravel.com\/product\/tour-de-buceo-en-el-caribe-aruba\/"},"modified":"2025-09-29T10:22:58","modified_gmt":"2025-09-29T10:22:58","slug":"tour-de-buceo-en-el-caribe-aruba","status":"publish","type":"product","link":"https:\/\/bluebirdtourstravel.com\/es\/producto\/tour-de-buceo-en-el-caribe-aruba\/","title":{"rendered":"Tour de buceo en el Caribe (Aruba)"},"content":{"rendered":"<p>Avent\u00farese en aguas abiertas a bordo de un barco de buceo dise\u00f1ado a medida, comiendo frutas frescas mientras el mar turquesa se extiende entre usted y las palmeras y las deslumbrantes playas de la pintoresca costa de Aruba. Coge tu botella y pesas, y sum\u00e9rgete bajo las olas mientras te sumerges en este colorido mundo.<br \/>\nNade detr\u00e1s de su gu\u00eda mientras atraviesa el fondo arenoso y se dirige a un arrecife vibrante y burbujeante. Est\u00e9 atento a las morenas que miran por las grietas, las esponjas cil\u00edndricas gigantes (estas secuoyas de arrecife) pueden vivir hasta 2.300 a\u00f1os, las aterradoras barracudas que se lanzan de un lado a otro, e incluso los delicados caballitos de mar que bailan en la suave corriente.<br \/>\nMientras los card\u00famenes de roncos de rayas amarillas revolotean, siga a su gu\u00eda a uno de los famosos naufragios de Aruba. Sum\u00e9rgete a profundidades de 6 a 30 metros, ac\u00e9rcate al naufragio de la Segunda Guerra Mundial Antilla, da vueltas alrededor de las alas de un avi\u00f3n hundido o toma una foto submarina con el espeluznante casco parcial del petrolero Perdernales. <\/p>\n","protected":false},"excerpt":{"rendered":"<p>Las c\u00e1lidas y vibrantes aguas de Aruba ofrecen a los buceadores experimentados aventuras acu\u00e1ticas incomparables. Salga a bucear en uno o dos tanques para explorar este mundo submarino mientras nada entre naufragios, arrecifes de coral y vida marina de colores brillantes, incluidos delfines, toneladas de esponjas y peces tropicales que habitan en los arrecifes. <\/p>\n","protected":false},"featured_media":13553,"comment_status":"closed","ping_status":"closed","template":"","meta":{"_acf_changed":false,"site-sidebar-layout":"default","site-content-layout":"","ast-site-content-layout":"default","site-content-style":"default","site-sidebar-style":"default","ast-global-header-display":"","ast-banner-title-visibility":"","ast-main-header-display":"","ast-hfb-above-header-display":"","ast-hfb-below-header-display":"","ast-hfb-mobile-header-display":"","site-post-title":"","ast-breadcrumbs-content":"","ast-featured-img":"","footer-sml-layout":"","ast-disable-related-posts":"","theme-transparent-header-meta":"","adv-header-id-meta":"","stick-header-meta":"","header-above-stick-meta":"","header-main-stick-meta":"","header-below-stick-meta":"","astra-migrate-meta-layouts":"default","ast-page-background-enabled":"default","ast-page-background-meta":{"desktop":{"background-color":"var(--ast-global-color-4)","background-image":"","background-repeat":"repeat","background-position":"center center","background-size":"auto","background-attachment":"scroll","background-type":"","background-media":"","overlay-type":"","overlay-color":"","overlay-opacity":"","overlay-gradient":""},"tablet":{"background-color":"","background-image":"","background-repeat":"repeat","background-position":"center center","background-size":"auto","background-attachment":"scroll","background-type":"","background-media":"","overlay-type":"","overlay-color":"","overlay-opacity":"","overlay-gradient":""},"mobile":{"background-color":"","background-image":"","background-repeat":"repeat","background-position":"center center","background-size":"auto","background-attachment":"scroll","background-type":"","background-media":"","overlay-type":"","overlay-color":"","overlay-opacity":"","overlay-gradient":""}},"ast-content-background-meta":{"desktop":{"background-color":"var(--ast-global-color-5)","background-image":"","background-repeat":"repeat","background-position":"center center","background-size":"auto","background-attachment":"scroll","background-type":"","background-media":"","overlay-type":"","overlay-color":"","overlay-opacity":"","overlay-gradient":""},"tablet":{"background-color":"var(--ast-global-color-5)","background-image":"","background-repeat":"repeat","background-position":"center center","background-size":"auto","background-attachment":"scroll","background-type":"","background-media":"","overlay-type":"","overlay-color":"","overlay-opacity":"","overlay-gradient":""},"mobile":{"background-color":"var(--ast-global-color-5)","background-image":"","background-repeat":"repeat","background-position":"center center","background-size":"auto","background-attachment":"scroll","background-type":"","background-media":"","overlay-type":"","overlay-color":"","overlay-opacity":"","overlay-gradient":""}}},"activiteit-bron":[514],"product_brand":[],"product_cat":[181,154],"product_tag":[182,375,158,380,241,141],"class_list":{"0":"post-26076","1":"product","2":"type-product","3":"status-publish","4":"has-post-thumbnail","6":"activiteit-bron-expedia","7":"product_cat-aruba-es","8":"product_cat-buceo-y-snorkel","9":"product_tag-aruba-es","10":"product_tag-bucear-en-aruba","11":"product_tag-deportes-acuaticos","12":"product_tag-deportes-acuaticos-en-aruba","13":"product_tag-excursiones-en-barco-en-aruba","14":"product_tag-viajes-en-barco","15":"desktop-align-left","16":"tablet-align-left","17":"mobile-align-left","19":"first","20":"instock","21":"virtual","22":"product-type-external"},"acf":[],"_links":{"self":[{"href":"https:\/\/bluebirdtourstravel.com\/es\/wp-json\/wp\/v2\/product\/26076","targetHints":{"allow":["GET"]}}],"collection":[{"href":"https:\/\/bluebirdtourstravel.com\/es\/wp-json\/wp\/v2\/product"}],"about":[{"href":"https:\/\/bluebirdtourstravel.com\/es\/wp-json\/wp\/v2\/types\/product"}],"replies":[{"embeddable":true,"href":"https:\/\/bluebirdtourstravel.com\/es\/wp-json\/wp\/v2\/comments?post=26076"}],"wp:featuredmedia":[{"embeddable":true,"href":"https:\/\/bluebirdtourstravel.com\/es\/wp-json\/wp\/v2\/media\/13553"}],"wp:attachment":[{"href":"https:\/\/bluebirdtourstravel.com\/es\/wp-json\/wp\/v2\/media?parent=26076"}],"wp:term":[{"taxonomy":"activiteit-bron","embeddable":true,"href":"https:\/\/bluebirdtourstravel.com\/es\/wp-json\/wp\/v2\/activiteit-bron?post=26076"},{"taxonomy":"product_brand","embeddable":true,"href":"https:\/\/bluebirdtourstravel.com\/es\/wp-json\/wp\/v2\/product_brand?post=26076"},{"taxonomy":"product_cat","embeddable":true,"href":"https:\/\/bluebirdtourstravel.com\/es\/wp-json\/wp\/v2\/product_cat?post=26076"},{"taxonomy":"product_tag","embeddable":true,"href":"https:\/\/bluebirdtourstravel.com\/es\/wp-json\/wp\/v2\/product_tag?post=26076"}],"curies":[{"name":"wp","href":"https:\/\/api.w.org\/{rel}","templated":true}]}}