{"id":26044,"date":"2025-09-02T17:13:22","date_gmt":"2025-09-02T17:13:22","guid":{"rendered":"https:\/\/bluebirdtourstravel.com\/product\/paseo-privado-en-barco-por-el-caribe-con-esnorquel-y-bebidas-aruba\/"},"modified":"2025-09-30T11:06:25","modified_gmt":"2025-09-30T11:06:25","slug":"paseo-privado-en-barco-por-el-caribe-con-esnorquel-y-bebidas-aruba","status":"publish","type":"product","link":"https:\/\/bluebirdtourstravel.com\/es\/producto\/paseo-privado-en-barco-por-el-caribe-con-esnorquel-y-bebidas-aruba\/","title":{"rendered":"Paseo privado en barco por el Caribe con esn\u00f3rquel y bebidas (Aruba)"},"content":{"rendered":"","protected":false},"excerpt":{"rendered":"<p>Explorar el Mar Caribe a lo largo de las costas oeste y sur de Aruba con un recorrido en barco privado se convertir\u00e1 f\u00e1cilmente en la mejor actividad de aventura en Aruba que puedas imaginar. Navegar por las aguas cristalinas mientras disfruta de las incre\u00edbles vistas le dar\u00e1 un nivel completamente nuevo de relajaci\u00f3n y tranquilidad. Puede visitar la hermosa Eagle Beach, el arrecife poco profundo en la bah\u00eda de Boca Catalina, el naufragio del carguero alem\u00e1n de la Segunda Guerra Mundial \u00abAntilla\u00bb y las cuevas submarinas en la costa del arrecife f\u00f3sil de Malmok. Nuestro conductor \/ gu\u00eda profesional estar\u00e1 disponible para ayudarlo y asegurarse de que sea una experiencia inolvidable. As\u00ed que no lo dudes y reg\u00e1late a ti y a tus seres queridos este viaje en barco \u00fanico y privado.    <\/p>\n","protected":false},"featured_media":14138,"comment_status":"closed","ping_status":"closed","template":"","meta":{"_acf_changed":false,"site-sidebar-layout":"default","site-content-layout":"","ast-site-content-layout":"default","site-content-style":"default","site-sidebar-style":"default","ast-global-header-display":"","ast-banner-title-visibility":"","ast-main-header-display":"","ast-hfb-above-header-display":"","ast-hfb-below-header-display":"","ast-hfb-mobile-header-display":"","site-post-title":"","ast-breadcrumbs-content":"","ast-featured-img":"","footer-sml-layout":"","ast-disable-related-posts":"","theme-transparent-header-meta":"","adv-header-id-meta":"","stick-header-meta":"","header-above-stick-meta":"","header-main-stick-meta":"","header-below-stick-meta":"","astra-migrate-meta-layouts":"default","ast-page-background-enabled":"default","ast-page-background-meta":{"desktop":{"background-color":"var(--ast-global-color-4)","background-image":"","background-repeat":"repeat","background-position":"center center","background-size":"auto","background-attachment":"scroll","background-type":"","background-media":"","overlay-type":"","overlay-color":"","overlay-opacity":"","overlay-gradient":""},"tablet":{"background-color":"","background-image":"","background-repeat":"repeat","background-position":"center center","background-size":"auto","background-attachment":"scroll","background-type":"","background-media":"","overlay-type":"","overlay-color":"","overlay-opacity":"","overlay-gradient":""},"mobile":{"background-color":"","background-image":"","background-repeat":"repeat","background-position":"center center","background-size":"auto","background-attachment":"scroll","background-type":"","background-media":"","overlay-type":"","overlay-color":"","overlay-opacity":"","overlay-gradient":""}},"ast-content-background-meta":{"desktop":{"background-color":"var(--ast-global-color-5)","background-image":"","background-repeat":"repeat","background-position":"center center","background-size":"auto","background-attachment":"scroll","background-type":"","background-media":"","overlay-type":"","overlay-color":"","overlay-opacity":"","overlay-gradient":""},"tablet":{"background-color":"var(--ast-global-color-5)","background-image":"","background-repeat":"repeat","background-position":"center center","background-size":"auto","background-attachment":"scroll","background-type":"","background-media":"","overlay-type":"","overlay-color":"","overlay-opacity":"","overlay-gradient":""},"mobile":{"background-color":"var(--ast-global-color-5)","background-image":"","background-repeat":"repeat","background-position":"center center","background-size":"auto","background-attachment":"scroll","background-type":"","background-media":"","overlay-type":"","overlay-color":"","overlay-opacity":"","overlay-gradient":""}}},"activiteit-bron":[514],"product_brand":[],"product_cat":[181,139,156,154],"product_tag":[182,158,380,241,383,141],"class_list":{"0":"post-26044","1":"product","2":"type-product","3":"status-publish","4":"has-post-thumbnail","6":"activiteit-bron-expedia","7":"product_cat-aruba-es","8":"product_cat-barcos-y-deportes-acuaticos","9":"product_cat-barcos-y-rafting","10":"product_cat-buceo-y-snorkel","11":"product_tag-aruba-es","12":"product_tag-deportes-acuaticos","13":"product_tag-deportes-acuaticos-en-aruba","14":"product_tag-excursiones-en-barco-en-aruba","15":"product_tag-snorkel-en-aruba","16":"product_tag-viajes-en-barco","17":"desktop-align-left","18":"tablet-align-left","19":"mobile-align-left","21":"first","22":"instock","23":"virtual","24":"product-type-external"},"acf":[],"_links":{"self":[{"href":"https:\/\/bluebirdtourstravel.com\/es\/wp-json\/wp\/v2\/product\/26044","targetHints":{"allow":["GET"]}}],"collection":[{"href":"https:\/\/bluebirdtourstravel.com\/es\/wp-json\/wp\/v2\/product"}],"about":[{"href":"https:\/\/bluebirdtourstravel.com\/es\/wp-json\/wp\/v2\/types\/product"}],"replies":[{"embeddable":true,"href":"https:\/\/bluebirdtourstravel.com\/es\/wp-json\/wp\/v2\/comments?post=26044"}],"wp:featuredmedia":[{"embeddable":true,"href":"https:\/\/bluebirdtourstravel.com\/es\/wp-json\/wp\/v2\/media\/14138"}],"wp:attachment":[{"href":"https:\/\/bluebirdtourstravel.com\/es\/wp-json\/wp\/v2\/media?parent=26044"}],"wp:term":[{"taxonomy":"activiteit-bron","embeddable":true,"href":"https:\/\/bluebirdtourstravel.com\/es\/wp-json\/wp\/v2\/activiteit-bron?post=26044"},{"taxonomy":"product_brand","embeddable":true,"href":"https:\/\/bluebirdtourstravel.com\/es\/wp-json\/wp\/v2\/product_brand?post=26044"},{"taxonomy":"product_cat","embeddable":true,"href":"https:\/\/bluebirdtourstravel.com\/es\/wp-json\/wp\/v2\/product_cat?post=26044"},{"taxonomy":"product_tag","embeddable":true,"href":"https:\/\/bluebirdtourstravel.com\/es\/wp-json\/wp\/v2\/product_tag?post=26044"}],"curies":[{"name":"wp","href":"https:\/\/api.w.org\/{rel}","templated":true}]}}