{"id":26041,"date":"2025-09-02T17:13:25","date_gmt":"2025-09-02T17:13:25","guid":{"rendered":"https:\/\/bluebirdtourstravel.com\/product\/aventura-aerea-y-viaje-en-velero-sint-maarten\/"},"modified":"2025-09-03T15:18:04","modified_gmt":"2025-09-03T15:18:04","slug":"aventura-aerea-y-viaje-en-velero-sint-maarten","status":"publish","type":"product","link":"https:\/\/bluebirdtourstravel.com\/es\/producto\/aventura-aerea-y-viaje-en-velero-sint-maarten\/","title":{"rendered":"Aventura a\u00e9rea y viaje en velero (Sint Maarten)"},"content":{"rendered":"<p>Cada aventura comienza en esta casa de plantaci\u00f3n restaurada, construida originalmente en la d\u00e9cada de 1700. El Museo cuenta la poderosa historia de Trace Wilson, quien naci\u00f3 esclava en los terrenos en 1818, y su descendiente directo Emilio Wilson. Ver\u00e1 im\u00e1genes de c\u00f3mo era la vida en una plantaci\u00f3n y aprender\u00e1 sobre las costumbres, tradiciones, estilo de vida e historias que le valieron a Sint Maarten el apodo de \u00abLa isla amigable\u00bb.<br \/>\nS\u00fabete al Sky Explorer para el viaje de aproximadamente 25 minutos hasta la cima de Sentry Hill; uno de los puntos m\u00e1s altos de St. Maarten a 1,125 pies. La experiencia incluye dos telesillas y una serie de plataformas que rodean la cima de la monta\u00f1a y ofrecen vistas de 360 grados de la isla, incluidas vistas de las islas vecinas de Saba, San Eustaquio, San Bartolom\u00e9 y Anguila.<br \/>\nPara completar tu viaje de arriba a abajo, el Sky Explorer te llevar\u00e1 al Schooner Ride, donde surfear\u00e1s en una c\u00e1mara de aire a trav\u00e9s de las curvas y rectas de una pista especialmente dise\u00f1ada.<br \/>\nDespu\u00e9s de su aventura aventurera, los recuerdos y las fotos de las atracciones est\u00e1n disponibles para su compra en la tienda de regalos.<\/p>\n","protected":false},"excerpt":{"rendered":"<p>Un recorrido de arriba a abajo con dos experiencias emocionantes en una sola excursi\u00f3n. Disfrute de las incre\u00edbles vistas mientras se desliza hacia la cima de una de las monta\u00f1as m\u00e1s altas de St. Maarten con el Sky Explorer. Luego, regrese al Sky Explorer para el paseo en goleta, donde surfear\u00e1 por la monta\u00f1a en un bote de neum\u00e1ticos.   <\/p>\n","protected":false},"featured_media":21598,"comment_status":"closed","ping_status":"closed","template":"","meta":{"_acf_changed":false,"site-sidebar-layout":"default","site-content-layout":"","ast-site-content-layout":"default","site-content-style":"default","site-sidebar-style":"default","ast-global-header-display":"","ast-banner-title-visibility":"","ast-main-header-display":"","ast-hfb-above-header-display":"","ast-hfb-below-header-display":"","ast-hfb-mobile-header-display":"","site-post-title":"","ast-breadcrumbs-content":"","ast-featured-img":"","footer-sml-layout":"","ast-disable-related-posts":"","theme-transparent-header-meta":"","adv-header-id-meta":"","stick-header-meta":"","header-above-stick-meta":"","header-main-stick-meta":"","header-below-stick-meta":"","astra-migrate-meta-layouts":"default","ast-page-background-enabled":"default","ast-page-background-meta":{"desktop":{"background-color":"var(--ast-global-color-4)","background-image":"","background-repeat":"repeat","background-position":"center center","background-size":"auto","background-attachment":"scroll","background-type":"","background-media":"","overlay-type":"","overlay-color":"","overlay-opacity":"","overlay-gradient":""},"tablet":{"background-color":"","background-image":"","background-repeat":"repeat","background-position":"center center","background-size":"auto","background-attachment":"scroll","background-type":"","background-media":"","overlay-type":"","overlay-color":"","overlay-opacity":"","overlay-gradient":""},"mobile":{"background-color":"","background-image":"","background-repeat":"repeat","background-position":"center center","background-size":"auto","background-attachment":"scroll","background-type":"","background-media":"","overlay-type":"","overlay-color":"","overlay-opacity":"","overlay-gradient":""}},"ast-content-background-meta":{"desktop":{"background-color":"var(--ast-global-color-5)","background-image":"","background-repeat":"repeat","background-position":"center center","background-size":"auto","background-attachment":"scroll","background-type":"","background-media":"","overlay-type":"","overlay-color":"","overlay-opacity":"","overlay-gradient":""},"tablet":{"background-color":"var(--ast-global-color-5)","background-image":"","background-repeat":"repeat","background-position":"center center","background-size":"auto","background-attachment":"scroll","background-type":"","background-media":"","overlay-type":"","overlay-color":"","overlay-opacity":"","overlay-gradient":""},"mobile":{"background-color":"var(--ast-global-color-5)","background-image":"","background-repeat":"repeat","background-position":"center center","background-size":"auto","background-attachment":"scroll","background-type":"","background-media":"","overlay-type":"","overlay-color":"","overlay-opacity":"","overlay-gradient":""}}},"activiteit-bron":[574],"product_brand":[],"product_cat":[522],"product_tag":[158,474,473,212,141,483],"class_list":{"0":"post-26041","1":"product","2":"type-product","3":"status-publish","4":"has-post-thumbnail","6":"activiteit-bron-expedia","7":"product_cat-san-martin","8":"product_tag-deportes-acuaticos","9":"product_tag-deportes-acuaticos-en-san-martin","10":"product_tag-excursiones-en-barco-en-san-martin","11":"product_tag-san-martin","12":"product_tag-viajes-en-barco","13":"product_tag-visitas-en-san-martin","14":"desktop-align-left","15":"tablet-align-left","16":"mobile-align-left","18":"first","19":"instock","20":"virtual","21":"product-type-external"},"acf":[],"_links":{"self":[{"href":"https:\/\/bluebirdtourstravel.com\/es\/wp-json\/wp\/v2\/product\/26041","targetHints":{"allow":["GET"]}}],"collection":[{"href":"https:\/\/bluebirdtourstravel.com\/es\/wp-json\/wp\/v2\/product"}],"about":[{"href":"https:\/\/bluebirdtourstravel.com\/es\/wp-json\/wp\/v2\/types\/product"}],"replies":[{"embeddable":true,"href":"https:\/\/bluebirdtourstravel.com\/es\/wp-json\/wp\/v2\/comments?post=26041"}],"wp:featuredmedia":[{"embeddable":true,"href":"https:\/\/bluebirdtourstravel.com\/es\/wp-json\/wp\/v2\/media\/21598"}],"wp:attachment":[{"href":"https:\/\/bluebirdtourstravel.com\/es\/wp-json\/wp\/v2\/media?parent=26041"}],"wp:term":[{"taxonomy":"activiteit-bron","embeddable":true,"href":"https:\/\/bluebirdtourstravel.com\/es\/wp-json\/wp\/v2\/activiteit-bron?post=26041"},{"taxonomy":"product_brand","embeddable":true,"href":"https:\/\/bluebirdtourstravel.com\/es\/wp-json\/wp\/v2\/product_brand?post=26041"},{"taxonomy":"product_cat","embeddable":true,"href":"https:\/\/bluebirdtourstravel.com\/es\/wp-json\/wp\/v2\/product_cat?post=26041"},{"taxonomy":"product_tag","embeddable":true,"href":"https:\/\/bluebirdtourstravel.com\/es\/wp-json\/wp\/v2\/product_tag?post=26041"}],"curies":[{"name":"wp","href":"https:\/\/api.w.org\/{rel}","templated":true}]}}