{"id":26005,"date":"2025-09-02T17:12:55","date_gmt":"2025-09-02T17:12:55","guid":{"rendered":"https:\/\/bluebirdtourstravel.com\/product\/arrecife-mangel-halto-y-aventura-de-buceo-hole-in-the-wall-aruba\/"},"modified":"2025-09-30T11:06:16","modified_gmt":"2025-09-30T11:06:16","slug":"arrecife-mangel-halto-y-aventura-de-buceo-hole-in-the-wall-aruba","status":"publish","type":"product","link":"https:\/\/bluebirdtourstravel.com\/es\/producto\/arrecife-mangel-halto-y-aventura-de-buceo-hole-in-the-wall-aruba\/","title":{"rendered":"Arrecife Mangel Halto y aventura de buceo Hole in the Wall (Aruba)"},"content":{"rendered":"","protected":false},"excerpt":{"rendered":"<p>Tendr\u00e1s una experiencia de buceo incre\u00edble. Podr\u00e1s disfrutar de una de las playas m\u00e1s bonitas de Aruba, Mangel Halto, donde podr\u00e1s ver los 7 tonos diferentes de azul. Ofrecemos 3 sitios de buceo en tierra. Tenemos el arrecife Mangel Halto, una inmersi\u00f3n poco profunda, el naufragio de un peque\u00f1o bote Khapel, donde tendr\u00e1s contacto con m\u00e1s de 10 especies diferentes de peces, y un arrecife muy bonito. Hole in the Wall es una de las mejores inmersiones en tierra de Aruba en aguas m\u00e1s profundas que Mangel Halto y con una corriente m\u00e1s fuerte, con un arrecife incre\u00edble. Es probable que veas una morena verde, un sargento mayor, un pez trompeta y un pez cirujano. \u00a1\u00a1No te lo puedes perder!!      <\/p>\n","protected":false},"featured_media":12910,"comment_status":"closed","ping_status":"closed","template":"","meta":{"_acf_changed":false,"site-sidebar-layout":"default","site-content-layout":"","ast-site-content-layout":"default","site-content-style":"default","site-sidebar-style":"default","ast-global-header-display":"","ast-banner-title-visibility":"","ast-main-header-display":"","ast-hfb-above-header-display":"","ast-hfb-below-header-display":"","ast-hfb-mobile-header-display":"","site-post-title":"","ast-breadcrumbs-content":"","ast-featured-img":"","footer-sml-layout":"","ast-disable-related-posts":"","theme-transparent-header-meta":"","adv-header-id-meta":"","stick-header-meta":"","header-above-stick-meta":"","header-main-stick-meta":"","header-below-stick-meta":"","astra-migrate-meta-layouts":"default","ast-page-background-enabled":"default","ast-page-background-meta":{"desktop":{"background-color":"var(--ast-global-color-4)","background-image":"","background-repeat":"repeat","background-position":"center center","background-size":"auto","background-attachment":"scroll","background-type":"","background-media":"","overlay-type":"","overlay-color":"","overlay-opacity":"","overlay-gradient":""},"tablet":{"background-color":"","background-image":"","background-repeat":"repeat","background-position":"center center","background-size":"auto","background-attachment":"scroll","background-type":"","background-media":"","overlay-type":"","overlay-color":"","overlay-opacity":"","overlay-gradient":""},"mobile":{"background-color":"","background-image":"","background-repeat":"repeat","background-position":"center center","background-size":"auto","background-attachment":"scroll","background-type":"","background-media":"","overlay-type":"","overlay-color":"","overlay-opacity":"","overlay-gradient":""}},"ast-content-background-meta":{"desktop":{"background-color":"var(--ast-global-color-5)","background-image":"","background-repeat":"repeat","background-position":"center center","background-size":"auto","background-attachment":"scroll","background-type":"","background-media":"","overlay-type":"","overlay-color":"","overlay-opacity":"","overlay-gradient":""},"tablet":{"background-color":"var(--ast-global-color-5)","background-image":"","background-repeat":"repeat","background-position":"center center","background-size":"auto","background-attachment":"scroll","background-type":"","background-media":"","overlay-type":"","overlay-color":"","overlay-opacity":"","overlay-gradient":""},"mobile":{"background-color":"var(--ast-global-color-5)","background-image":"","background-repeat":"repeat","background-position":"center center","background-size":"auto","background-attachment":"scroll","background-type":"","background-media":"","overlay-type":"","overlay-color":"","overlay-opacity":"","overlay-gradient":""}}},"activiteit-bron":[514],"product_brand":[],"product_cat":[181,139,156,154],"product_tag":[182,375,158,380,241,141],"class_list":{"0":"post-26005","1":"product","2":"type-product","3":"status-publish","4":"has-post-thumbnail","6":"activiteit-bron-expedia","7":"product_cat-aruba-es","8":"product_cat-barcos-y-deportes-acuaticos","9":"product_cat-barcos-y-rafting","10":"product_cat-buceo-y-snorkel","11":"product_tag-aruba-es","12":"product_tag-bucear-en-aruba","13":"product_tag-deportes-acuaticos","14":"product_tag-deportes-acuaticos-en-aruba","15":"product_tag-excursiones-en-barco-en-aruba","16":"product_tag-viajes-en-barco","17":"desktop-align-left","18":"tablet-align-left","19":"mobile-align-left","21":"first","22":"instock","23":"virtual","24":"product-type-external"},"acf":[],"_links":{"self":[{"href":"https:\/\/bluebirdtourstravel.com\/es\/wp-json\/wp\/v2\/product\/26005","targetHints":{"allow":["GET"]}}],"collection":[{"href":"https:\/\/bluebirdtourstravel.com\/es\/wp-json\/wp\/v2\/product"}],"about":[{"href":"https:\/\/bluebirdtourstravel.com\/es\/wp-json\/wp\/v2\/types\/product"}],"replies":[{"embeddable":true,"href":"https:\/\/bluebirdtourstravel.com\/es\/wp-json\/wp\/v2\/comments?post=26005"}],"wp:featuredmedia":[{"embeddable":true,"href":"https:\/\/bluebirdtourstravel.com\/es\/wp-json\/wp\/v2\/media\/12910"}],"wp:attachment":[{"href":"https:\/\/bluebirdtourstravel.com\/es\/wp-json\/wp\/v2\/media?parent=26005"}],"wp:term":[{"taxonomy":"activiteit-bron","embeddable":true,"href":"https:\/\/bluebirdtourstravel.com\/es\/wp-json\/wp\/v2\/activiteit-bron?post=26005"},{"taxonomy":"product_brand","embeddable":true,"href":"https:\/\/bluebirdtourstravel.com\/es\/wp-json\/wp\/v2\/product_brand?post=26005"},{"taxonomy":"product_cat","embeddable":true,"href":"https:\/\/bluebirdtourstravel.com\/es\/wp-json\/wp\/v2\/product_cat?post=26005"},{"taxonomy":"product_tag","embeddable":true,"href":"https:\/\/bluebirdtourstravel.com\/es\/wp-json\/wp\/v2\/product_tag?post=26005"}],"curies":[{"name":"wp","href":"https:\/\/api.w.org\/{rel}","templated":true}]}}