{"id":26003,"date":"2025-09-02T17:12:59","date_gmt":"2025-09-02T17:12:59","guid":{"rendered":"https:\/\/bluebirdtourstravel.com\/product\/crucero-al-atardecer-a-boca-catalina-con-cena-de-barbacoa-aruba\/"},"modified":"2025-09-29T11:22:50","modified_gmt":"2025-09-29T11:22:50","slug":"crucero-al-atardecer-a-boca-catalina-con-cena-de-barbacoa-aruba","status":"publish","type":"product","link":"https:\/\/bluebirdtourstravel.com\/es\/producto\/crucero-al-atardecer-a-boca-catalina-con-cena-de-barbacoa-aruba\/","title":{"rendered":"Crucero al atardecer a Boca Catalina con cena de barbacoa (Aruba)"},"content":{"rendered":"<p>Navegue a bordo de un catamar\u00e1n de lujo y sienta el agua fresca y fresca salpicando su cara y la incre\u00edble brisa de navegar hasta que se ponga el sol. Durante esta excursi\u00f3n podr\u00e1s bucear en las serenas y transparentes aguas que ofrece nuestra hermosa Boca Catalina, donde podr\u00e1s disfrutar de un agradable ba\u00f1o con algunas tortugas y hacer snorkel en el Naufragio de Antilla. Disfrute de la pr\u00edstina costa de arena blanca de Boca Catalina y, en el camino, beba un c\u00f3ctel y disfrute de algunos bocadillos. Nuestro catamar\u00e1n tambi\u00e9n est\u00e1 equipado con tablas gratuitas de Stand-Up Paddle (SUP) para que puedas explorar las aguas azules. Tanto si eres un remero experimentado como si eres un principiante, nuestra tripulaci\u00f3n estar\u00e1 encantada de ayudarte a utilizar las tablas de SUP. Despu\u00e9s de visitar Boca Catalina, navegamos hacia la playa Nikki, en el lado sur de la isla, donde podr\u00e1 disfrutar de una deliciosa barbacoa que ofrecemos en la playa. Para concluir la excursi\u00f3n, navegaremos de regreso al punto de encuentro original mientras observamos la puesta de sol. Este crucero al atardecer en Aruba es algo que no olvidar\u00e1s. Qu\u00e9 incluye la actividad: Barra libre Cena incluida Opci\u00f3n vegetariana disponible Asientos c\u00f3modos Tablas de Stand-Up Paddle (SUP) Equipo de snorkel Puntos de encuentro: Punto de partida: Renaissance Marina Punto de finalizaci\u00f3n: Renaissance Marina Informaci\u00f3n adicional: No olvides traer tus toallas y protecci\u00f3n solar para esta excursi\u00f3n.        <\/p>\n","protected":false},"excerpt":{"rendered":"<p>Navegue por la hermosa costa de Aruba y disfrute de una experiencia \u00fanica con bebidas y comida.<\/p>\n","protected":false},"featured_media":11190,"comment_status":"closed","ping_status":"closed","template":"","meta":{"_acf_changed":false,"site-sidebar-layout":"default","site-content-layout":"","ast-site-content-layout":"default","site-content-style":"default","site-sidebar-style":"default","ast-global-header-display":"","ast-banner-title-visibility":"","ast-main-header-display":"","ast-hfb-above-header-display":"","ast-hfb-below-header-display":"","ast-hfb-mobile-header-display":"","site-post-title":"","ast-breadcrumbs-content":"","ast-featured-img":"","footer-sml-layout":"","ast-disable-related-posts":"","theme-transparent-header-meta":"","adv-header-id-meta":"","stick-header-meta":"","header-above-stick-meta":"","header-main-stick-meta":"","header-below-stick-meta":"","astra-migrate-meta-layouts":"default","ast-page-background-enabled":"default","ast-page-background-meta":{"desktop":{"background-color":"var(--ast-global-color-4)","background-image":"","background-repeat":"repeat","background-position":"center center","background-size":"auto","background-attachment":"scroll","background-type":"","background-media":"","overlay-type":"","overlay-color":"","overlay-opacity":"","overlay-gradient":""},"tablet":{"background-color":"","background-image":"","background-repeat":"repeat","background-position":"center center","background-size":"auto","background-attachment":"scroll","background-type":"","background-media":"","overlay-type":"","overlay-color":"","overlay-opacity":"","overlay-gradient":""},"mobile":{"background-color":"","background-image":"","background-repeat":"repeat","background-position":"center center","background-size":"auto","background-attachment":"scroll","background-type":"","background-media":"","overlay-type":"","overlay-color":"","overlay-opacity":"","overlay-gradient":""}},"ast-content-background-meta":{"desktop":{"background-color":"var(--ast-global-color-5)","background-image":"","background-repeat":"repeat","background-position":"center center","background-size":"auto","background-attachment":"scroll","background-type":"","background-media":"","overlay-type":"","overlay-color":"","overlay-opacity":"","overlay-gradient":""},"tablet":{"background-color":"var(--ast-global-color-5)","background-image":"","background-repeat":"repeat","background-position":"center center","background-size":"auto","background-attachment":"scroll","background-type":"","background-media":"","overlay-type":"","overlay-color":"","overlay-opacity":"","overlay-gradient":""},"mobile":{"background-color":"var(--ast-global-color-5)","background-image":"","background-repeat":"repeat","background-position":"center center","background-size":"auto","background-attachment":"scroll","background-type":"","background-media":"","overlay-type":"","overlay-color":"","overlay-opacity":"","overlay-gradient":""}}},"activiteit-bron":[514],"product_brand":[],"product_cat":[181,154],"product_tag":[182,383],"class_list":{"0":"post-26003","1":"product","2":"type-product","3":"status-publish","4":"has-post-thumbnail","6":"activiteit-bron-expedia","7":"product_cat-aruba-es","8":"product_cat-buceo-y-snorkel","9":"product_tag-aruba-es","10":"product_tag-snorkel-en-aruba","11":"desktop-align-left","12":"tablet-align-left","13":"mobile-align-left","15":"first","16":"instock","17":"virtual","18":"product-type-external"},"acf":[],"_links":{"self":[{"href":"https:\/\/bluebirdtourstravel.com\/es\/wp-json\/wp\/v2\/product\/26003","targetHints":{"allow":["GET"]}}],"collection":[{"href":"https:\/\/bluebirdtourstravel.com\/es\/wp-json\/wp\/v2\/product"}],"about":[{"href":"https:\/\/bluebirdtourstravel.com\/es\/wp-json\/wp\/v2\/types\/product"}],"replies":[{"embeddable":true,"href":"https:\/\/bluebirdtourstravel.com\/es\/wp-json\/wp\/v2\/comments?post=26003"}],"wp:featuredmedia":[{"embeddable":true,"href":"https:\/\/bluebirdtourstravel.com\/es\/wp-json\/wp\/v2\/media\/11190"}],"wp:attachment":[{"href":"https:\/\/bluebirdtourstravel.com\/es\/wp-json\/wp\/v2\/media?parent=26003"}],"wp:term":[{"taxonomy":"activiteit-bron","embeddable":true,"href":"https:\/\/bluebirdtourstravel.com\/es\/wp-json\/wp\/v2\/activiteit-bron?post=26003"},{"taxonomy":"product_brand","embeddable":true,"href":"https:\/\/bluebirdtourstravel.com\/es\/wp-json\/wp\/v2\/product_brand?post=26003"},{"taxonomy":"product_cat","embeddable":true,"href":"https:\/\/bluebirdtourstravel.com\/es\/wp-json\/wp\/v2\/product_cat?post=26003"},{"taxonomy":"product_tag","embeddable":true,"href":"https:\/\/bluebirdtourstravel.com\/es\/wp-json\/wp\/v2\/product_tag?post=26003"}],"curies":[{"name":"wp","href":"https:\/\/api.w.org\/{rel}","templated":true}]}}