{"id":25989,"date":"2025-09-02T17:12:24","date_gmt":"2025-09-02T17:12:24","guid":{"rendered":"https:\/\/bluebirdtourstravel.com\/product\/sunday-boat-festival-djs-barra-libre-y-aperitivos-curazao\/"},"modified":"2025-09-03T15:13:48","modified_gmt":"2025-09-03T15:13:48","slug":"sunday-boat-festival-djs-barra-libre-y-aperitivos-curazao","status":"publish","type":"product","link":"https:\/\/bluebirdtourstravel.com\/es\/producto\/sunday-boat-festival-djs-barra-libre-y-aperitivos-curazao\/","title":{"rendered":"Sunday Boat Festival: DJs, barra libre y aperitivos! (Curazao)"},"content":{"rendered":"","protected":false},"excerpt":{"rendered":"<p>Ubicada en la costa sur de Curazao, Fuik Bay es una joya escondida conocida por su belleza serena y su ambiente tranquilo. Rodeada de colinas y exuberante vegetaci\u00f3n, esta bah\u00eda aislada ofrece un escape tranquilo de los lugares tur\u00edsticos m\u00e1s concurridos de la isla. Las aguas tranquilas y cristalinas son perfectas para nadar, navegar en kayak y practicar surf de remo. El entorno natural de la bah\u00eda la convierte en una de las favoritas entre los lugare\u00f1os y visitantes que buscan un d\u00eda tranquilo junto al mar.   <\/p>\n","protected":false},"featured_media":17785,"comment_status":"closed","ping_status":"closed","template":"","meta":{"_acf_changed":false,"site-sidebar-layout":"default","site-content-layout":"","ast-site-content-layout":"default","site-content-style":"default","site-sidebar-style":"default","ast-global-header-display":"","ast-banner-title-visibility":"","ast-main-header-display":"","ast-hfb-above-header-display":"","ast-hfb-below-header-display":"","ast-hfb-mobile-header-display":"","site-post-title":"","ast-breadcrumbs-content":"","ast-featured-img":"","footer-sml-layout":"","ast-disable-related-posts":"","theme-transparent-header-meta":"","adv-header-id-meta":"","stick-header-meta":"","header-above-stick-meta":"","header-main-stick-meta":"","header-below-stick-meta":"","astra-migrate-meta-layouts":"default","ast-page-background-enabled":"default","ast-page-background-meta":{"desktop":{"background-color":"var(--ast-global-color-4)","background-image":"","background-repeat":"repeat","background-position":"center center","background-size":"auto","background-attachment":"scroll","background-type":"","background-media":"","overlay-type":"","overlay-color":"","overlay-opacity":"","overlay-gradient":""},"tablet":{"background-color":"","background-image":"","background-repeat":"repeat","background-position":"center center","background-size":"auto","background-attachment":"scroll","background-type":"","background-media":"","overlay-type":"","overlay-color":"","overlay-opacity":"","overlay-gradient":""},"mobile":{"background-color":"","background-image":"","background-repeat":"repeat","background-position":"center center","background-size":"auto","background-attachment":"scroll","background-type":"","background-media":"","overlay-type":"","overlay-color":"","overlay-opacity":"","overlay-gradient":""}},"ast-content-background-meta":{"desktop":{"background-color":"var(--ast-global-color-5)","background-image":"","background-repeat":"repeat","background-position":"center center","background-size":"auto","background-attachment":"scroll","background-type":"","background-media":"","overlay-type":"","overlay-color":"","overlay-opacity":"","overlay-gradient":""},"tablet":{"background-color":"var(--ast-global-color-5)","background-image":"","background-repeat":"repeat","background-position":"center center","background-size":"auto","background-attachment":"scroll","background-type":"","background-media":"","overlay-type":"","overlay-color":"","overlay-opacity":"","overlay-gradient":""},"mobile":{"background-color":"var(--ast-global-color-5)","background-image":"","background-repeat":"repeat","background-position":"center center","background-size":"auto","background-attachment":"scroll","background-type":"","background-media":"","overlay-type":"","overlay-color":"","overlay-opacity":"","overlay-gradient":""}}},"activiteit-bron":[514],"product_brand":[],"product_cat":[170],"product_tag":[172,158,430,235,254,141],"class_list":{"0":"post-25989","1":"product","2":"type-product","3":"status-publish","4":"has-post-thumbnail","6":"activiteit-bron-expedia","7":"product_cat-curacao-es","8":"product_tag-curacao-es","9":"product_tag-deportes-acuaticos","10":"product_tag-deportes-acuaticos-en-curacao","11":"product_tag-excursiones-en-barco-en-curacao","12":"product_tag-excursiones-en-curacao","13":"product_tag-viajes-en-barco","14":"desktop-align-left","15":"tablet-align-left","16":"mobile-align-left","18":"first","19":"instock","20":"virtual","21":"product-type-external"},"acf":[],"_links":{"self":[{"href":"https:\/\/bluebirdtourstravel.com\/es\/wp-json\/wp\/v2\/product\/25989","targetHints":{"allow":["GET"]}}],"collection":[{"href":"https:\/\/bluebirdtourstravel.com\/es\/wp-json\/wp\/v2\/product"}],"about":[{"href":"https:\/\/bluebirdtourstravel.com\/es\/wp-json\/wp\/v2\/types\/product"}],"replies":[{"embeddable":true,"href":"https:\/\/bluebirdtourstravel.com\/es\/wp-json\/wp\/v2\/comments?post=25989"}],"wp:featuredmedia":[{"embeddable":true,"href":"https:\/\/bluebirdtourstravel.com\/es\/wp-json\/wp\/v2\/media\/17785"}],"wp:attachment":[{"href":"https:\/\/bluebirdtourstravel.com\/es\/wp-json\/wp\/v2\/media?parent=25989"}],"wp:term":[{"taxonomy":"activiteit-bron","embeddable":true,"href":"https:\/\/bluebirdtourstravel.com\/es\/wp-json\/wp\/v2\/activiteit-bron?post=25989"},{"taxonomy":"product_brand","embeddable":true,"href":"https:\/\/bluebirdtourstravel.com\/es\/wp-json\/wp\/v2\/product_brand?post=25989"},{"taxonomy":"product_cat","embeddable":true,"href":"https:\/\/bluebirdtourstravel.com\/es\/wp-json\/wp\/v2\/product_cat?post=25989"},{"taxonomy":"product_tag","embeddable":true,"href":"https:\/\/bluebirdtourstravel.com\/es\/wp-json\/wp\/v2\/product_tag?post=25989"}],"curies":[{"name":"wp","href":"https:\/\/api.w.org\/{rel}","templated":true}]}}