{"id":25935,"date":"2025-09-02T17:11:52","date_gmt":"2025-09-02T17:11:52","guid":{"rendered":"https:\/\/bluebirdtourstravel.com\/product\/buceo-con-guia-de-1-tanque-para-buzos-certificados-con-equipo-de-alquiler-aruba\/"},"modified":"2025-09-29T10:22:36","modified_gmt":"2025-09-29T10:22:36","slug":"buceo-con-guia-de-1-tanque-para-buzos-certificados-con-equipo-de-alquiler-aruba","status":"publish","type":"product","link":"https:\/\/bluebirdtourstravel.com\/es\/producto\/buceo-con-guia-de-1-tanque-para-buzos-certificados-con-equipo-de-alquiler-aruba\/","title":{"rendered":"Buceo con gu\u00eda de 1 tanque para buzos certificados con equipo de alquiler (Aruba)"},"content":{"rendered":"<p>Nos complace llevarlo en nuestro viaje matutino para guiarlo a uno de estos hermosos sitios de buceo.<br \/>\nPor razones de seguridad, nos fijamos principalmente en las condiciones meteorol\u00f3gicas y del agua de mar. Adem\u00e1s, tenemos en cuenta los niveles de licencia y las solicitudes antes de elegir qu\u00e9 sitios de buceo visitar.<br \/>\nSeguro; haremos todo lo posible para brindar a nuestros clientes la mejor experiencia de buceo durante su estad\u00eda en Aruba.<\/p>\n","protected":false},"excerpt":{"rendered":"<p>Frente a la costa donde estamos, lejos de las multitudes, hay hermosos y saludables arrecifes con muchos corales variados y otras especies marinas. Arrecifes con nombres como Sponge, Tire, Anchor, Bali, Barcadera, Harbor, Fingers, Mark, Isla di Oro, Mangel Halto, Hole in the Wall y muchos otros. Adem\u00e1s, los hermosos sitios de buceo como el naufragio de Jane C y los aviones.  <\/p>\n","protected":false},"featured_media":11836,"comment_status":"closed","ping_status":"closed","template":"","meta":{"_acf_changed":false,"site-sidebar-layout":"default","site-content-layout":"","ast-site-content-layout":"default","site-content-style":"default","site-sidebar-style":"default","ast-global-header-display":"","ast-banner-title-visibility":"","ast-main-header-display":"","ast-hfb-above-header-display":"","ast-hfb-below-header-display":"","ast-hfb-mobile-header-display":"","site-post-title":"","ast-breadcrumbs-content":"","ast-featured-img":"","footer-sml-layout":"","ast-disable-related-posts":"","theme-transparent-header-meta":"","adv-header-id-meta":"","stick-header-meta":"","header-above-stick-meta":"","header-main-stick-meta":"","header-below-stick-meta":"","astra-migrate-meta-layouts":"default","ast-page-background-enabled":"default","ast-page-background-meta":{"desktop":{"background-color":"var(--ast-global-color-4)","background-image":"","background-repeat":"repeat","background-position":"center center","background-size":"auto","background-attachment":"scroll","background-type":"","background-media":"","overlay-type":"","overlay-color":"","overlay-opacity":"","overlay-gradient":""},"tablet":{"background-color":"","background-image":"","background-repeat":"repeat","background-position":"center center","background-size":"auto","background-attachment":"scroll","background-type":"","background-media":"","overlay-type":"","overlay-color":"","overlay-opacity":"","overlay-gradient":""},"mobile":{"background-color":"","background-image":"","background-repeat":"repeat","background-position":"center center","background-size":"auto","background-attachment":"scroll","background-type":"","background-media":"","overlay-type":"","overlay-color":"","overlay-opacity":"","overlay-gradient":""}},"ast-content-background-meta":{"desktop":{"background-color":"var(--ast-global-color-5)","background-image":"","background-repeat":"repeat","background-position":"center center","background-size":"auto","background-attachment":"scroll","background-type":"","background-media":"","overlay-type":"","overlay-color":"","overlay-opacity":"","overlay-gradient":""},"tablet":{"background-color":"var(--ast-global-color-5)","background-image":"","background-repeat":"repeat","background-position":"center center","background-size":"auto","background-attachment":"scroll","background-type":"","background-media":"","overlay-type":"","overlay-color":"","overlay-opacity":"","overlay-gradient":""},"mobile":{"background-color":"var(--ast-global-color-5)","background-image":"","background-repeat":"repeat","background-position":"center center","background-size":"auto","background-attachment":"scroll","background-type":"","background-media":"","overlay-type":"","overlay-color":"","overlay-opacity":"","overlay-gradient":""}}},"activiteit-bron":[514],"product_brand":[],"product_cat":[181,154],"product_tag":[182,375],"class_list":{"0":"post-25935","1":"product","2":"type-product","3":"status-publish","4":"has-post-thumbnail","6":"activiteit-bron-expedia","7":"product_cat-aruba-es","8":"product_cat-buceo-y-snorkel","9":"product_tag-aruba-es","10":"product_tag-bucear-en-aruba","11":"desktop-align-left","12":"tablet-align-left","13":"mobile-align-left","15":"first","16":"instock","17":"virtual","18":"product-type-external"},"acf":[],"_links":{"self":[{"href":"https:\/\/bluebirdtourstravel.com\/es\/wp-json\/wp\/v2\/product\/25935","targetHints":{"allow":["GET"]}}],"collection":[{"href":"https:\/\/bluebirdtourstravel.com\/es\/wp-json\/wp\/v2\/product"}],"about":[{"href":"https:\/\/bluebirdtourstravel.com\/es\/wp-json\/wp\/v2\/types\/product"}],"replies":[{"embeddable":true,"href":"https:\/\/bluebirdtourstravel.com\/es\/wp-json\/wp\/v2\/comments?post=25935"}],"wp:featuredmedia":[{"embeddable":true,"href":"https:\/\/bluebirdtourstravel.com\/es\/wp-json\/wp\/v2\/media\/11836"}],"wp:attachment":[{"href":"https:\/\/bluebirdtourstravel.com\/es\/wp-json\/wp\/v2\/media?parent=25935"}],"wp:term":[{"taxonomy":"activiteit-bron","embeddable":true,"href":"https:\/\/bluebirdtourstravel.com\/es\/wp-json\/wp\/v2\/activiteit-bron?post=25935"},{"taxonomy":"product_brand","embeddable":true,"href":"https:\/\/bluebirdtourstravel.com\/es\/wp-json\/wp\/v2\/product_brand?post=25935"},{"taxonomy":"product_cat","embeddable":true,"href":"https:\/\/bluebirdtourstravel.com\/es\/wp-json\/wp\/v2\/product_cat?post=25935"},{"taxonomy":"product_tag","embeddable":true,"href":"https:\/\/bluebirdtourstravel.com\/es\/wp-json\/wp\/v2\/product_tag?post=25935"}],"curies":[{"name":"wp","href":"https:\/\/api.w.org\/{rel}","templated":true}]}}