{"id":25908,"date":"2025-09-02T17:11:34","date_gmt":"2025-09-02T17:11:34","guid":{"rendered":"https:\/\/bluebirdtourstravel.com\/product\/excursion-en-kayak-de-mar-cristalino-manana-o-tarde-aruba\/"},"modified":"2025-09-02T17:11:34","modified_gmt":"2025-09-02T17:11:34","slug":"excursion-en-kayak-de-mar-cristalino-manana-o-tarde-aruba","status":"publish","type":"product","link":"https:\/\/bluebirdtourstravel.com\/es\/producto\/excursion-en-kayak-de-mar-cristalino-manana-o-tarde-aruba\/","title":{"rendered":"Excursi\u00f3n en kayak de mar cristalino \u2013 Ma\u00f1ana o tarde (Aruba)"},"content":{"rendered":"<p>\u00bfBuscas la mejor aventura en Aruba? Sea Glass Island es una joya escondida que no todo el mundo conoce, pero es un lugar realmente especial para visitar.<br \/>\nSea Glass Island es una de las atracciones m\u00e1s populares para aventuras al aire libre, kayak y recolecci\u00f3n de vidrio marino.<br \/>\nEn este emocionante recorrido en kayak, explorar\u00e1 la hermosa costa sur de Aruba y visitar\u00e1 la famosa isla Sea Glass. Rema por aguas cristalinas en nuestros exclusivos kayaks de fondo transparente, que brindan una visi\u00f3n \u00fanica del vibrante mundo submarino. Con dos horarios convenientes para el recorrido, 9 am y 1 pm, puede elegir el horario que mejor se adapte a sus necesidades.<br \/>\nComo empresa de turismo ecol\u00f3gico, ofrecemos una experiencia ecol\u00f3gica sin veh\u00edculos motorizados. El recorrido incluye agua, fruta, un kayak, un chaleco salvavidas y un gu\u00eda experimentado para ayudarlo a buscar vidrio marino, mientras se asegura de que tenga toneladas de diversi\u00f3n y aventura.<br \/>\n\u00a1Reserva tu pr\u00f3xima expedici\u00f3n a Aruba ahora!<\/p>\n","protected":false},"excerpt":{"rendered":"<p>Excursi\u00f3n en kayak por la isla secreta de Aruba Sea Glass<\/p>\n","protected":false},"featured_media":12175,"comment_status":"closed","ping_status":"closed","template":"","meta":{"_acf_changed":false,"site-sidebar-layout":"default","site-content-layout":"","ast-site-content-layout":"default","site-content-style":"default","site-sidebar-style":"default","ast-global-header-display":"","ast-banner-title-visibility":"","ast-main-header-display":"","ast-hfb-above-header-display":"","ast-hfb-below-header-display":"","ast-hfb-mobile-header-display":"","site-post-title":"","ast-breadcrumbs-content":"","ast-featured-img":"","footer-sml-layout":"","ast-disable-related-posts":"","theme-transparent-header-meta":"","adv-header-id-meta":"","stick-header-meta":"","header-above-stick-meta":"","header-main-stick-meta":"","header-below-stick-meta":"","astra-migrate-meta-layouts":"default","ast-page-background-enabled":"default","ast-page-background-meta":{"desktop":{"background-color":"var(--ast-global-color-4)","background-image":"","background-repeat":"repeat","background-position":"center center","background-size":"auto","background-attachment":"scroll","background-type":"","background-media":"","overlay-type":"","overlay-color":"","overlay-opacity":"","overlay-gradient":""},"tablet":{"background-color":"","background-image":"","background-repeat":"repeat","background-position":"center center","background-size":"auto","background-attachment":"scroll","background-type":"","background-media":"","overlay-type":"","overlay-color":"","overlay-opacity":"","overlay-gradient":""},"mobile":{"background-color":"","background-image":"","background-repeat":"repeat","background-position":"center center","background-size":"auto","background-attachment":"scroll","background-type":"","background-media":"","overlay-type":"","overlay-color":"","overlay-opacity":"","overlay-gradient":""}},"ast-content-background-meta":{"desktop":{"background-color":"var(--ast-global-color-5)","background-image":"","background-repeat":"repeat","background-position":"center center","background-size":"auto","background-attachment":"scroll","background-type":"","background-media":"","overlay-type":"","overlay-color":"","overlay-opacity":"","overlay-gradient":""},"tablet":{"background-color":"var(--ast-global-color-5)","background-image":"","background-repeat":"repeat","background-position":"center center","background-size":"auto","background-attachment":"scroll","background-type":"","background-media":"","overlay-type":"","overlay-color":"","overlay-opacity":"","overlay-gradient":""},"mobile":{"background-color":"var(--ast-global-color-5)","background-image":"","background-repeat":"repeat","background-position":"center center","background-size":"auto","background-attachment":"scroll","background-type":"","background-media":"","overlay-type":"","overlay-color":"","overlay-opacity":"","overlay-gradient":""}}},"activiteit-bron":[514],"product_brand":[],"product_cat":[181],"product_tag":[182],"class_list":{"0":"post-25908","1":"product","2":"type-product","3":"status-publish","4":"has-post-thumbnail","6":"activiteit-bron-expedia","7":"product_cat-aruba-es","8":"product_tag-aruba-es","9":"desktop-align-left","10":"tablet-align-left","11":"mobile-align-left","13":"first","14":"instock","15":"virtual","16":"product-type-external"},"acf":[],"_links":{"self":[{"href":"https:\/\/bluebirdtourstravel.com\/es\/wp-json\/wp\/v2\/product\/25908","targetHints":{"allow":["GET"]}}],"collection":[{"href":"https:\/\/bluebirdtourstravel.com\/es\/wp-json\/wp\/v2\/product"}],"about":[{"href":"https:\/\/bluebirdtourstravel.com\/es\/wp-json\/wp\/v2\/types\/product"}],"replies":[{"embeddable":true,"href":"https:\/\/bluebirdtourstravel.com\/es\/wp-json\/wp\/v2\/comments?post=25908"}],"wp:featuredmedia":[{"embeddable":true,"href":"https:\/\/bluebirdtourstravel.com\/es\/wp-json\/wp\/v2\/media\/12175"}],"wp:attachment":[{"href":"https:\/\/bluebirdtourstravel.com\/es\/wp-json\/wp\/v2\/media?parent=25908"}],"wp:term":[{"taxonomy":"activiteit-bron","embeddable":true,"href":"https:\/\/bluebirdtourstravel.com\/es\/wp-json\/wp\/v2\/activiteit-bron?post=25908"},{"taxonomy":"product_brand","embeddable":true,"href":"https:\/\/bluebirdtourstravel.com\/es\/wp-json\/wp\/v2\/product_brand?post=25908"},{"taxonomy":"product_cat","embeddable":true,"href":"https:\/\/bluebirdtourstravel.com\/es\/wp-json\/wp\/v2\/product_cat?post=25908"},{"taxonomy":"product_tag","embeddable":true,"href":"https:\/\/bluebirdtourstravel.com\/es\/wp-json\/wp\/v2\/product_tag?post=25908"}],"curies":[{"name":"wp","href":"https:\/\/api.w.org\/{rel}","templated":true}]}}