{"id":27058,"date":"2025-09-21T14:17:41","date_gmt":"2025-09-21T14:17:41","guid":{"rendered":"https:\/\/bluebirdtourstravel.com\/product\/night-adventure-bar-hopping-appetizers-curacao\/"},"modified":"2025-09-21T14:17:41","modified_gmt":"2025-09-21T14:17:41","slug":"night-adventure-bar-hopping-appetizers-curacao","status":"publish","type":"product","link":"https:\/\/bluebirdtourstravel.com\/en\/product\/night-adventure-bar-hopping-appetizers-curacao\/","title":{"rendered":"Night Adventure: Bar Hopping &amp; Appetizers (Cura\u00e7ao)"},"content":{"rendered":"<p>Our first stop will immerse you in the heart of the Punda district. Capture the vibrant colors of Handelskade, stroll across the iconic Emma Floating Bridge or relax at Op = Op Bar with Cura\u00e7ao&#8217;s coldest beer and local snacks.<br \/>\nNext, we will head to Netto Bar, Cura\u00e7ao&#8217;s oldest establishment since 1954. This cultural gem features an antique interior and is famous for the island&#8217;s famous green rum, also known as &#8216;R\u00f2m B\u00e8rd\u00e8.&#8217; Exclusive to Netto Bar, it is one of Cura\u00e7ao&#8217;s most iconic alcoholic beverages.<br \/>\nOur night of adventure continues with a stop at Mundo Bizarro, where you can enjoy cold beers, delicious cocktails, and groovy music until 11:30 PM.<\/p>\n","protected":false},"excerpt":{"rendered":"<p>Take part in an exciting night adventure as we take you on a journey through Cura\u00e7ao&#8217;s vibrant nightlife. Hop aboard our lively party bus, where great music sets the tone for an unforgettable evening. With a local guide leading the way, we&#8217;ll explore the best bars in Willemstad and create memories that will last a lifetime.  <\/p>\n","protected":false},"featured_media":18311,"comment_status":"closed","ping_status":"closed","template":"","meta":{"_acf_changed":false,"site-sidebar-layout":"default","site-content-layout":"","ast-site-content-layout":"default","site-content-style":"default","site-sidebar-style":"default","ast-global-header-display":"","ast-banner-title-visibility":"","ast-main-header-display":"","ast-hfb-above-header-display":"","ast-hfb-below-header-display":"","ast-hfb-mobile-header-display":"","site-post-title":"","ast-breadcrumbs-content":"","ast-featured-img":"","footer-sml-layout":"","ast-disable-related-posts":"","theme-transparent-header-meta":"","adv-header-id-meta":"","stick-header-meta":"","header-above-stick-meta":"","header-main-stick-meta":"","header-below-stick-meta":"","astra-migrate-meta-layouts":"default","ast-page-background-enabled":"default","ast-page-background-meta":{"desktop":{"background-color":"var(--ast-global-color-4)","background-image":"","background-repeat":"repeat","background-position":"center center","background-size":"auto","background-attachment":"scroll","background-type":"","background-media":"","overlay-type":"","overlay-color":"","overlay-opacity":"","overlay-gradient":""},"tablet":{"background-color":"","background-image":"","background-repeat":"repeat","background-position":"center center","background-size":"auto","background-attachment":"scroll","background-type":"","background-media":"","overlay-type":"","overlay-color":"","overlay-opacity":"","overlay-gradient":""},"mobile":{"background-color":"","background-image":"","background-repeat":"repeat","background-position":"center center","background-size":"auto","background-attachment":"scroll","background-type":"","background-media":"","overlay-type":"","overlay-color":"","overlay-opacity":"","overlay-gradient":""}},"ast-content-background-meta":{"desktop":{"background-color":"var(--ast-global-color-5)","background-image":"","background-repeat":"repeat","background-position":"center center","background-size":"auto","background-attachment":"scroll","background-type":"","background-media":"","overlay-type":"","overlay-color":"","overlay-opacity":"","overlay-gradient":""},"tablet":{"background-color":"var(--ast-global-color-5)","background-image":"","background-repeat":"repeat","background-position":"center center","background-size":"auto","background-attachment":"scroll","background-type":"","background-media":"","overlay-type":"","overlay-color":"","overlay-opacity":"","overlay-gradient":""},"mobile":{"background-color":"var(--ast-global-color-5)","background-image":"","background-repeat":"repeat","background-position":"center center","background-size":"auto","background-attachment":"scroll","background-type":"","background-media":"","overlay-type":"","overlay-color":"","overlay-opacity":"","overlay-gradient":""}}},"activiteit-bron":[514],"product_brand":[],"product_cat":[174],"product_tag":[176],"class_list":{"0":"post-27058","1":"product","2":"type-product","3":"status-publish","4":"has-post-thumbnail","6":"activiteit-bron-expedia","7":"product_cat-curacao-en","8":"product_tag-curacao-en","9":"desktop-align-left","10":"tablet-align-left","11":"mobile-align-left","13":"first","14":"instock","15":"virtual","16":"product-type-external"},"acf":[],"_links":{"self":[{"href":"https:\/\/bluebirdtourstravel.com\/en\/wp-json\/wp\/v2\/product\/27058","targetHints":{"allow":["GET"]}}],"collection":[{"href":"https:\/\/bluebirdtourstravel.com\/en\/wp-json\/wp\/v2\/product"}],"about":[{"href":"https:\/\/bluebirdtourstravel.com\/en\/wp-json\/wp\/v2\/types\/product"}],"replies":[{"embeddable":true,"href":"https:\/\/bluebirdtourstravel.com\/en\/wp-json\/wp\/v2\/comments?post=27058"}],"wp:featuredmedia":[{"embeddable":true,"href":"https:\/\/bluebirdtourstravel.com\/en\/wp-json\/wp\/v2\/media\/18311"}],"wp:attachment":[{"href":"https:\/\/bluebirdtourstravel.com\/en\/wp-json\/wp\/v2\/media?parent=27058"}],"wp:term":[{"taxonomy":"activiteit-bron","embeddable":true,"href":"https:\/\/bluebirdtourstravel.com\/en\/wp-json\/wp\/v2\/activiteit-bron?post=27058"},{"taxonomy":"product_brand","embeddable":true,"href":"https:\/\/bluebirdtourstravel.com\/en\/wp-json\/wp\/v2\/product_brand?post=27058"},{"taxonomy":"product_cat","embeddable":true,"href":"https:\/\/bluebirdtourstravel.com\/en\/wp-json\/wp\/v2\/product_cat?post=27058"},{"taxonomy":"product_tag","embeddable":true,"href":"https:\/\/bluebirdtourstravel.com\/en\/wp-json\/wp\/v2\/product_tag?post=27058"}],"curies":[{"name":"wp","href":"https:\/\/api.w.org\/{rel}","templated":true}]}}