{"id":27018,"date":"2025-09-21T14:17:55","date_gmt":"2025-09-21T14:17:55","guid":{"rendered":"https:\/\/bluebirdtourstravel.com\/product\/discover-curacao-self-guided-island-tour-curacao\/"},"modified":"2025-09-21T14:17:55","modified_gmt":"2025-09-21T14:17:55","slug":"discover-curacao-self-guided-island-tour-curacao","status":"publish","type":"product","link":"https:\/\/bluebirdtourstravel.com\/en\/product\/discover-curacao-self-guided-island-tour-curacao\/","title":{"rendered":"Discover Cura\u00e7ao: Self-Guided Island Tour (Cura\u00e7ao)"},"content":{"rendered":"<p>It is not for nothing that the slogan of the Cura\u00e7ao Tourist Organization is &#8220;&#8221;Cura\u00e7ao, experience it for yourself&#8221;&#8221;. The advice is to experience the island like a local and renting a car is the best way to do this.<br \/>\nPros<br \/>\n\u2022 Cheap, the price is a total price and not per person<br \/>\n\u2022 Exciting, challenging and educational<br \/>\n\u2022 No preparation time required<br \/>\n\u2022 No searching (and stress) during your holiday<br \/>\n\u2022 Very informative, lots of tips on sights, opening hours, local customs <\/p>\n","protected":false},"excerpt":{"rendered":"<p>Discover the real Cura\u00e7ao with your own (rental) car, using the web app as your digital guide. Thousands of satisfied users have preceded you! Ride at your own pace, worry-free from point to point via a scenic route across this beautiful island. You can log in for 8 days from your booked date. We&#8217;ll tell you about the past and present of each landmark and we&#8217;ll make sure you navigate to just the right spot.    <\/p>\n","protected":false},"featured_media":17373,"comment_status":"closed","ping_status":"closed","template":"","meta":{"_acf_changed":false,"site-sidebar-layout":"default","site-content-layout":"","ast-site-content-layout":"default","site-content-style":"default","site-sidebar-style":"default","ast-global-header-display":"","ast-banner-title-visibility":"","ast-main-header-display":"","ast-hfb-above-header-display":"","ast-hfb-below-header-display":"","ast-hfb-mobile-header-display":"","site-post-title":"","ast-breadcrumbs-content":"","ast-featured-img":"","footer-sml-layout":"","ast-disable-related-posts":"","theme-transparent-header-meta":"","adv-header-id-meta":"","stick-header-meta":"","header-above-stick-meta":"","header-main-stick-meta":"","header-below-stick-meta":"","astra-migrate-meta-layouts":"default","ast-page-background-enabled":"default","ast-page-background-meta":{"desktop":{"background-color":"var(--ast-global-color-4)","background-image":"","background-repeat":"repeat","background-position":"center center","background-size":"auto","background-attachment":"scroll","background-type":"","background-media":"","overlay-type":"","overlay-color":"","overlay-opacity":"","overlay-gradient":""},"tablet":{"background-color":"","background-image":"","background-repeat":"repeat","background-position":"center center","background-size":"auto","background-attachment":"scroll","background-type":"","background-media":"","overlay-type":"","overlay-color":"","overlay-opacity":"","overlay-gradient":""},"mobile":{"background-color":"","background-image":"","background-repeat":"repeat","background-position":"center center","background-size":"auto","background-attachment":"scroll","background-type":"","background-media":"","overlay-type":"","overlay-color":"","overlay-opacity":"","overlay-gradient":""}},"ast-content-background-meta":{"desktop":{"background-color":"var(--ast-global-color-5)","background-image":"","background-repeat":"repeat","background-position":"center center","background-size":"auto","background-attachment":"scroll","background-type":"","background-media":"","overlay-type":"","overlay-color":"","overlay-opacity":"","overlay-gradient":""},"tablet":{"background-color":"var(--ast-global-color-5)","background-image":"","background-repeat":"repeat","background-position":"center center","background-size":"auto","background-attachment":"scroll","background-type":"","background-media":"","overlay-type":"","overlay-color":"","overlay-opacity":"","overlay-gradient":""},"mobile":{"background-color":"var(--ast-global-color-5)","background-image":"","background-repeat":"repeat","background-position":"center center","background-size":"auto","background-attachment":"scroll","background-type":"","background-media":"","overlay-type":"","overlay-color":"","overlay-opacity":"","overlay-gradient":""}}},"activiteit-bron":[575],"product_brand":[],"product_cat":[174],"product_tag":[176],"class_list":{"0":"post-27018","1":"product","2":"type-product","3":"status-publish","4":"has-post-thumbnail","6":"activiteit-bron-expedia","7":"product_cat-curacao-en","8":"product_tag-curacao-en","9":"desktop-align-left","10":"tablet-align-left","11":"mobile-align-left","13":"first","14":"instock","15":"virtual","16":"product-type-external"},"acf":[],"_links":{"self":[{"href":"https:\/\/bluebirdtourstravel.com\/en\/wp-json\/wp\/v2\/product\/27018","targetHints":{"allow":["GET"]}}],"collection":[{"href":"https:\/\/bluebirdtourstravel.com\/en\/wp-json\/wp\/v2\/product"}],"about":[{"href":"https:\/\/bluebirdtourstravel.com\/en\/wp-json\/wp\/v2\/types\/product"}],"replies":[{"embeddable":true,"href":"https:\/\/bluebirdtourstravel.com\/en\/wp-json\/wp\/v2\/comments?post=27018"}],"wp:featuredmedia":[{"embeddable":true,"href":"https:\/\/bluebirdtourstravel.com\/en\/wp-json\/wp\/v2\/media\/17373"}],"wp:attachment":[{"href":"https:\/\/bluebirdtourstravel.com\/en\/wp-json\/wp\/v2\/media?parent=27018"}],"wp:term":[{"taxonomy":"activiteit-bron","embeddable":true,"href":"https:\/\/bluebirdtourstravel.com\/en\/wp-json\/wp\/v2\/activiteit-bron?post=27018"},{"taxonomy":"product_brand","embeddable":true,"href":"https:\/\/bluebirdtourstravel.com\/en\/wp-json\/wp\/v2\/product_brand?post=27018"},{"taxonomy":"product_cat","embeddable":true,"href":"https:\/\/bluebirdtourstravel.com\/en\/wp-json\/wp\/v2\/product_cat?post=27018"},{"taxonomy":"product_tag","embeddable":true,"href":"https:\/\/bluebirdtourstravel.com\/en\/wp-json\/wp\/v2\/product_tag?post=27018"}],"curies":[{"name":"wp","href":"https:\/\/api.w.org\/{rel}","templated":true}]}}